{"id":2708,"date":"2021-12-15T14:57:22","date_gmt":"2021-12-15T13:57:22","guid":{"rendered":"https:\/\/albermoya.com\/?page_id=2708"},"modified":"2024-02-01T19:37:49","modified_gmt":"2024-02-01T18:37:49","slug":"challenge-email-confirmation","status":"publish","type":"page","link":"https:\/\/albermoya.com\/en\/challenge-email-confirmation\/","title":{"rendered":"Email Confirmation Home Challenge"},"content":{"rendered":"<div data-elementor-type=\"wp-page\" data-elementor-id=\"2708\" class=\"elementor elementor-2708\" data-elementor-post-type=\"page\">\n\t\t\t\t\t\t<section class=\"elementor-section elementor-top-section elementor-element elementor-element-b9ac10b elementor-section-boxed elementor-section-height-default elementor-section-height-default\" data-id=\"b9ac10b\" data-element_type=\"section\" data-e-type=\"section\" data-settings=\"{&quot;jet_parallax_layout_list&quot;:[]}\">\n\t\t\t\t\t\t<div class=\"elementor-container elementor-column-gap-default\">\n\t\t\t\t\t<div class=\"elementor-column elementor-col-100 elementor-top-column elementor-element elementor-element-a93b85c\" data-id=\"a93b85c\" data-element_type=\"column\" data-e-type=\"column\" data-settings=\"{&quot;background_background&quot;:&quot;classic&quot;}\">\n\t\t\t<div class=\"elementor-widget-wrap elementor-element-populated\">\n\t\t\t\t\t\t<div class=\"elementor-element elementor-element-ce99375 elementor-widget elementor-widget-image\" data-id=\"ce99375\" data-element_type=\"widget\" data-e-type=\"widget\" data-widget_type=\"image.default\">\n\t\t\t\t<div class=\"elementor-widget-container\">\n\t\t\t\t\t\t\t\t\t\t\t\t\t\t\t<img fetchpriority=\"high\" decoding=\"async\" width=\"568\" height=\"254\" src=\"https:\/\/albermoya.com\/wp-content\/uploads\/2021\/06\/logo_alber_moya-02-350x157.png\" class=\"attachment-full size-full wp-image-5451\" alt=\"\" srcset=\"https:\/\/albermoya.com\/wp-content\/uploads\/2021\/06\/logo_alber_moya-02.png 568w, https:\/\/albermoya.com\/wp-content\/uploads\/2021\/06\/logo_alber_moya-02-300x134.png 300w, https:\/\/albermoya.com\/wp-content\/uploads\/2021\/06\/logo_alber_moya-02-18x8.png 18w, https:\/\/albermoya.com\/wp-content\/uploads\/2021\/06\/logo_alber_moya-02-350x157.png 350w\" sizes=\"(max-width: 568px) 100vw, 568px\" \/>\t\t\t\t\t\t\t\t\t\t\t\t\t\t\t<\/div>\n\t\t\t\t<\/div>\n\t\t\t\t<div class=\"elementor-element elementor-element-974bfdd elementor-widget elementor-widget-heading\" data-id=\"974bfdd\" data-element_type=\"widget\" data-e-type=\"widget\" data-widget_type=\"heading.default\">\n\t\t\t\t<div class=\"elementor-widget-container\">\n\t\t\t\t\t<h1 class=\"elementor-heading-title elementor-size-default\">WELCOME TO THE CASA CHALLENGE in the Valley<span class=\"tit-color-n\">!<\/span><\/h1>\t\t\t\t<\/div>\n\t\t\t\t<\/div>\n\t\t\t\t<div class=\"elementor-element elementor-element-c78520d elementor-widget elementor-widget-video\" data-id=\"c78520d\" data-element_type=\"widget\" data-e-type=\"widget\" data-settings=\"{&quot;video_type&quot;:&quot;vimeo&quot;}\" data-widget_type=\"video.default\">\n\t\t\t\t<div class=\"elementor-widget-container\">\n\t\t\t\t\thttp:\/\/vimeo.com\/video\t\t\t\t<\/div>\n\t\t\t\t<\/div>\n\t\t\t\t<section class=\"elementor-section elementor-inner-section elementor-element elementor-element-562014d elementor-section-boxed elementor-section-height-default elementor-section-height-default\" data-id=\"562014d\" data-element_type=\"section\" data-e-type=\"section\" data-settings=\"{&quot;background_background&quot;:&quot;classic&quot;,&quot;jet_parallax_layout_list&quot;:[]}\">\n\t\t\t\t\t\t\t<div class=\"elementor-background-overlay\"><\/div>\n\t\t\t\t\t\t\t<div class=\"elementor-container elementor-column-gap-default\">\n\t\t\t\t\t<div class=\"elementor-column elementor-col-100 elementor-inner-column elementor-element elementor-element-cba741c\" data-id=\"cba741c\" data-element_type=\"column\" data-e-type=\"column\">\n\t\t\t<div class=\"elementor-widget-wrap elementor-element-populated\">\n\t\t\t\t\t\t<div class=\"elementor-element elementor-element-7a75d43 elementor-widget elementor-widget-heading\" data-id=\"7a75d43\" data-element_type=\"widget\" data-e-type=\"widget\" data-widget_type=\"heading.default\">\n\t\t\t\t<div class=\"elementor-widget-container\">\n\t\t\t\t\t<h2 class=\"elementor-heading-title elementor-size-default\">IMPORTANT MESSAGE<\/h2>\t\t\t\t<\/div>\n\t\t\t\t<\/div>\n\t\t\t\t<div class=\"elementor-element elementor-element-01540e1 elementor-widget elementor-widget-text-editor\" data-id=\"01540e1\" data-element_type=\"widget\" data-e-type=\"widget\" data-widget_type=\"text-editor.default\">\n\t\t\t\t<div class=\"elementor-widget-container\">\n\t\t\t\t\t\t\t\t\t<p><span style=\"color: #ffffff;\"><strong>STEP 1: MAKE SURE YOU RECEIVE MY EMAILS<\/strong>.<\/span><br \/><span style=\"color: #ffffff;\">I will send you an email with the steps to prevent emails from this free challenge from reaching Spam. Check your inbox and follow the instructions.\u00a0<\/span><a style=\"font-size: 1.2em;\" href=\"https:\/\/mail.google.com\/mail\/u\/0\/?tab=rm&amp;ogbl#search\/Haz+esto+primero\" target=\"_blank\" rel=\"noopener\"><b>If you use Gmail, click here<\/b><\/a><\/p><p><span style=\"color: #ffffff;\">If you can&#039;t find the email, check your Spam and Promotions folders. If you have not received anything, write to us at <b>info@albermoya.com\u00a0<\/b><\/span><\/p><p><span style=\"color: #ffffff;\"><strong>STEP 2: THE CHALLENGE STARTS TODAY FOR YOU.<\/strong><\/span><br \/><span style=\"color: #ffffff;\">Ya has debido recibir el primer email con el v\u00eddeo del D\u00cdA 1, donde descubrir\u00e1s los \u00ab8 Pasos para Comprar una Casa\u00bb.\u00a0<\/span><\/p><p><span style=\"color: #ffffff;\">Here you have the\u00a0<\/span><a href=\"https:\/\/drive.google.com\/file\/d\/1wDXq-5dk1eIG5F7HR1PzgMyUpFJ4FuNT\/view?usp=sharing\" target=\"_blank\" rel=\"noopener\"><b>challenge schedule<\/b><\/a><span style=\"color: #ffffff;\">. You will have this and other information available on your campus, to which I will give you access tomorrow.<\/span><\/p><p><span style=\"color: #ffffff;\">ALWAYS remain very attentive to the <b>INSTRUCTIONS that you will receive in your email.<\/b><\/span><\/p>\t\t\t\t\t\t\t\t<\/div>\n\t\t\t\t<\/div>\n\t\t\t\t\t<\/div>\n\t\t<\/div>\n\t\t\t\t\t<\/div>\n\t\t<\/section>\n\t\t\t\t<div class=\"elementor-element elementor-element-f4db42d elementor-widget elementor-widget-text-editor\" data-id=\"f4db42d\" data-element_type=\"widget\" data-e-type=\"widget\" data-widget_type=\"text-editor.default\">\n\t\t\t\t<div class=\"elementor-widget-container\">\n\t\t\t\t\t\t\t\t\t<p style=\"font-size: 23.1px; font-style: normal; font-weight: 400;\"><span style=\"font-size: 23.1px; color: var( --e-global-color-text ); background-color: var( --e-global-color-83ed776 );\">&nbsp;<\/span><\/p>\n<p style=\"font-size: 23.1px; font-style: normal; font-weight: 400;\"><span style=\"font-size: 23.1px; color: var( --e-global-color-text ); background-color: var( --e-global-color-83ed776 );\">I am very happy because I know it will be of great help to you!<\/span><\/p>\n<p style=\"font-size: 23.1px; font-style: normal; font-weight: 400;\">Congratulations for subscribing to this Challenge that has the power to definitively change your life as the owner of your own home.<\/p>\n<p style=\"font-size: 23.1px; font-style: normal; font-weight: 400;\">Remember that the&nbsp;<span style=\"font-weight: bold;\">House Challenge in El Valley<\/span>&nbsp;is the FREE process to get everything clear first, and then to start the process of&nbsp;<span style=\"font-weight: bold;\">buy your dream home in El Valley, Los Angeles,<\/span>&nbsp;and I have designed it so that you can finally have the house that you so deserve.<\/p>\n<p style=\"font-size: 23.1px; font-style: normal;\"><span style=\"font-weight: 400;\">For this House Challenge in El Valley I have created some videos with content that will definitely open your eyes. <\/span><b>Write your first comment below<\/b>, telling us what your goals are.&nbsp;<span style=\"font-weight: inherit; font-size: 23.1px; font-style: inherit; color: var( --e-global-color-text ); background-color: var( --e-global-color-83ed776 );\">Let&#039;s start!<\/span><\/p>\n<p style=\"font-size: 23.1px; font-style: normal; font-weight: 400;\">Alber Moya&nbsp;<img decoding=\"async\" class=\"emoji\" role=\"img\" draggable=\"false\" src=\"https:\/\/s.w.org\/images\/core\/emoji\/13.1.0\/svg\/2764.svg\" alt=\"\u2764\ufe0f\"><\/p>\t\t\t\t\t\t\t\t<\/div>\n\t\t\t\t<\/div>\n\t\t\t\t<div class=\"elementor-element elementor-element-20e50d1 elementor-widget elementor-widget-heading\" data-id=\"20e50d1\" data-element_type=\"widget\" data-e-type=\"widget\" data-widget_type=\"heading.default\">\n\t\t\t\t<div class=\"elementor-widget-container\">\n\t\t\t\t\t<h2 class=\"elementor-heading-title elementor-size-default\">See you inside!<\/h2>\t\t\t\t<\/div>\n\t\t\t\t<\/div>\n\t\t\t\t<div class=\"elementor-element elementor-element-3741539 elementor-widget elementor-widget-facebook-comments\" data-id=\"3741539\" data-element_type=\"widget\" data-e-type=\"widget\" data-widget_type=\"facebook-comments.default\">\n\t\t\t\t<div class=\"elementor-widget-container\">\n\t\t\t\t\t\t\t<div class=\"elementor-facebook-widget fb-comments\" data-href=\"https:\/\/albermoya.com\/en?p=2708\" data-width=\"100%\" data-numposts=\"10\" data-order-by=\"social\" style=\"min-height: 1px\"><\/div>\n\t\t\t\t\t\t<\/div>\n\t\t\t\t<\/div>\n\t\t\t\t\t<\/div>\n\t\t<\/div>\n\t\t\t\t\t<\/div>\n\t\t<\/section>\n\t\t\t\t<\/div>","protected":false},"excerpt":{"rendered":"<p>\u00a1BIENVENID@ AL RETO CASA en el Valley! https:\/\/vimeo.com\/video MENSAJE IMPORTANTE PASO 1: ASEG\u00daRATE DE RECIBIR MIS EMAILS. Te enviar\u00e9 un e-mail con los pasos para evitar que los emails de este reto gratuito te lleguen a Spam. Consulta tu bandeja de entrada y sigue las instrucciones.\u00a0Si usas Gmail, haz clic aqu\u00ed Si no encuentras el [&hellip;]<\/p>\n","protected":false},"author":1,"featured_media":0,"parent":0,"menu_order":0,"comment_status":"closed","ping_status":"closed","template":"elementor_canvas","meta":{"_acf_changed":false,"site-sidebar-layout":"no-sidebar","site-content-layout":"page-builder","ast-site-content-layout":"","site-content-style":"default","site-sidebar-style":"default","ast-global-header-display":"","ast-banner-title-visibility":"","ast-main-header-display":"","ast-hfb-above-header-display":"","ast-hfb-below-header-display":"","ast-hfb-mobile-header-display":"","site-post-title":"disabled","ast-breadcrumbs-content":"","ast-featured-img":"disabled","footer-sml-layout":"","theme-transparent-header-meta":"default","adv-header-id-meta":"","stick-header-meta":"","header-above-stick-meta":"","header-main-stick-meta":"","header-below-stick-meta":"","astra-migrate-meta-layouts":"default","ast-page-background-enabled":"default","ast-page-background-meta":{"desktop":{"background-color":"","background-image":"","background-repeat":"repeat","background-position":"center center","background-size":"auto","background-attachment":"scroll","background-type":"","background-media":"","overlay-type":"","overlay-color":"","overlay-opacity":"","overlay-gradient":""},"tablet":{"background-color":"","background-image":"","background-repeat":"repeat","background-position":"center center","background-size":"auto","background-attachment":"scroll","background-type":"","background-media":"","overlay-type":"","overlay-color":"","overlay-opacity":"","overlay-gradient":""},"mobile":{"background-color":"","background-image":"","background-repeat":"repeat","background-position":"center center","background-size":"auto","background-attachment":"scroll","background-type":"","background-media":"","overlay-type":"","overlay-color":"","overlay-opacity":"","overlay-gradient":""}},"ast-content-background-meta":{"desktop":{"background-color":"var(--ast-global-color-5)","background-image":"","background-repeat":"repeat","background-position":"center center","background-size":"auto","background-attachment":"scroll","background-type":"","background-media":"","overlay-type":"","overlay-color":"","overlay-opacity":"","overlay-gradient":""},"tablet":{"background-color":"var(--ast-global-color-5)","background-image":"","background-repeat":"repeat","background-position":"center center","background-size":"auto","background-attachment":"scroll","background-type":"","background-media":"","overlay-type":"","overlay-color":"","overlay-opacity":"","overlay-gradient":""},"mobile":{"background-color":"var(--ast-global-color-5)","background-image":"","background-repeat":"repeat","background-position":"center center","background-size":"auto","background-attachment":"scroll","background-type":"","background-media":"","overlay-type":"","overlay-color":"","overlay-opacity":"","overlay-gradient":""}},"footnotes":""},"class_list":["post-2708","page","type-page","status-publish","hentry"],"acf":[],"yoast_head":"<!-- This site is optimized with the Yoast SEO plugin v27.3 - https:\/\/yoast.com\/product\/yoast-seo-wordpress\/ -->\n<title>Confirmaci\u00f3n Email Reto Casa<\/title>\n<meta name=\"robots\" content=\"index, follow, max-snippet:-1, max-image-preview:large, max-video-preview:-1\" \/>\n<link rel=\"canonical\" href=\"https:\/\/albermoya.com\/en\/challenge-email-confirmation\/\" \/>\n<meta property=\"og:locale\" content=\"en_US\" \/>\n<meta property=\"og:type\" content=\"article\" \/>\n<meta property=\"og:title\" content=\"Confirmaci\u00f3n Email Reto Casa\" \/>\n<meta property=\"og:description\" content=\"\u00a1BIENVENID@ AL RETO CASA en el Valley! https:\/\/vimeo.com\/video MENSAJE IMPORTANTE PASO 1: ASEG\u00daRATE DE RECIBIR MIS EMAILS. Te enviar\u00e9 un e-mail con los pasos para evitar que los emails de este reto gratuito te lleguen a Spam. Consulta tu bandeja de entrada y sigue las instrucciones.\u00a0Si usas Gmail, haz clic aqu\u00ed Si no encuentras el [&hellip;]\" \/>\n<meta property=\"og:url\" content=\"https:\/\/albermoya.com\/en\/challenge-email-confirmation\/\" \/>\n<meta property=\"og:site_name\" content=\"Alberto Moya - Realtor\" \/>\n<meta property=\"article:publisher\" content=\"https:\/\/www.facebook.com\/albermoyavalley\/\" \/>\n<meta property=\"article:modified_time\" content=\"2024-02-01T18:37:49+00:00\" \/>\n<meta property=\"og:image\" content=\"https:\/\/albermoya.com\/wp-content\/uploads\/2021\/06\/logo_alber_moya-02-350x157.png\" \/>\n<meta name=\"twitter:card\" content=\"summary_large_image\" \/>\n<script type=\"application\/ld+json\" class=\"yoast-schema-graph\">{\"@context\":\"https:\\\/\\\/schema.org\",\"@graph\":[{\"@type\":\"WebPage\",\"@id\":\"https:\\\/\\\/albermoya.com\\\/confirmacion-email-reto\\\/\",\"url\":\"https:\\\/\\\/albermoya.com\\\/confirmacion-email-reto\\\/\",\"name\":\"Confirmaci\u00f3n Email Reto Casa\",\"isPartOf\":{\"@id\":\"https:\\\/\\\/albermoya.com\\\/#website\"},\"primaryImageOfPage\":{\"@id\":\"https:\\\/\\\/albermoya.com\\\/confirmacion-email-reto\\\/#primaryimage\"},\"image\":{\"@id\":\"https:\\\/\\\/albermoya.com\\\/confirmacion-email-reto\\\/#primaryimage\"},\"thumbnailUrl\":\"https:\\\/\\\/albermoya.com\\\/wp-content\\\/uploads\\\/2021\\\/06\\\/logo_alber_moya-02-350x157.png\",\"datePublished\":\"2021-12-15T13:57:22+00:00\",\"dateModified\":\"2024-02-01T18:37:49+00:00\",\"breadcrumb\":{\"@id\":\"https:\\\/\\\/albermoya.com\\\/confirmacion-email-reto\\\/#breadcrumb\"},\"inLanguage\":\"en-US\",\"potentialAction\":[{\"@type\":\"ReadAction\",\"target\":[\"https:\\\/\\\/albermoya.com\\\/confirmacion-email-reto\\\/\"]}]},{\"@type\":\"ImageObject\",\"inLanguage\":\"en-US\",\"@id\":\"https:\\\/\\\/albermoya.com\\\/confirmacion-email-reto\\\/#primaryimage\",\"url\":\"https:\\\/\\\/albermoya.com\\\/wp-content\\\/uploads\\\/2021\\\/06\\\/logo_alber_moya-02-350x157.png\",\"contentUrl\":\"https:\\\/\\\/albermoya.com\\\/wp-content\\\/uploads\\\/2021\\\/06\\\/logo_alber_moya-02-350x157.png\"},{\"@type\":\"BreadcrumbList\",\"@id\":\"https:\\\/\\\/albermoya.com\\\/confirmacion-email-reto\\\/#breadcrumb\",\"itemListElement\":[{\"@type\":\"ListItem\",\"position\":1,\"name\":\"Portada\",\"item\":\"https:\\\/\\\/albermoya.com\\\/\"},{\"@type\":\"ListItem\",\"position\":2,\"name\":\"Confirmaci\u00f3n Email Reto Casa\"}]},{\"@type\":\"WebSite\",\"@id\":\"https:\\\/\\\/albermoya.com\\\/#website\",\"url\":\"https:\\\/\\\/albermoya.com\\\/\",\"name\":\"Alberto Moya - Asesor\",\"description\":\"Realtor en Los Angeles. Servicios para ayudarte a comprar y vender casa en Los \u00c1ngeles.\",\"publisher\":{\"@id\":\"https:\\\/\\\/albermoya.com\\\/#\\\/schema\\\/person\\\/9ff661a570c78114c2b0e236c968b579\"},\"potentialAction\":[{\"@type\":\"SearchAction\",\"target\":{\"@type\":\"EntryPoint\",\"urlTemplate\":\"https:\\\/\\\/albermoya.com\\\/?s={search_term_string}\"},\"query-input\":{\"@type\":\"PropertyValueSpecification\",\"valueRequired\":true,\"valueName\":\"search_term_string\"}}],\"inLanguage\":\"en-US\"},{\"@type\":[\"Person\",\"Organization\"],\"@id\":\"https:\\\/\\\/albermoya.com\\\/#\\\/schema\\\/person\\\/9ff661a570c78114c2b0e236c968b579\",\"name\":\"Alber\",\"image\":{\"@type\":\"ImageObject\",\"inLanguage\":\"en-US\",\"@id\":\"https:\\\/\\\/albermoya.com\\\/wp-content\\\/uploads\\\/2021\\\/06\\\/logo_alber_moya-02.png\",\"url\":\"https:\\\/\\\/albermoya.com\\\/wp-content\\\/uploads\\\/2021\\\/06\\\/logo_alber_moya-02.png\",\"contentUrl\":\"https:\\\/\\\/albermoya.com\\\/wp-content\\\/uploads\\\/2021\\\/06\\\/logo_alber_moya-02.png\",\"width\":568,\"height\":254,\"caption\":\"Alber\"},\"logo\":{\"@id\":\"https:\\\/\\\/albermoya.com\\\/wp-content\\\/uploads\\\/2021\\\/06\\\/logo_alber_moya-02.png\"},\"sameAs\":[\"https:\\\/\\\/albermoya.com\\\/\",\"https:\\\/\\\/www.facebook.com\\\/albermoyavalley\\\/\",\"https:\\\/\\\/www.instagram.com\\\/albermoyarealtor\\\/\",\"https:\\\/\\\/www.linkedin.com\\\/in\\\/albermoya\",\"https:\\\/\\\/www.youtube.com\\\/channel\\\/UCmJjMB11OCAiJ3c8phJLgoQ\"]}]}<\/script>\n<!-- \/ Yoast SEO plugin. -->","yoast_head_json":{"title":"Email Confirmation Home Challenge","robots":{"index":"index","follow":"follow","max-snippet":"max-snippet:-1","max-image-preview":"max-image-preview:large","max-video-preview":"max-video-preview:-1"},"canonical":"https:\/\/albermoya.com\/en\/challenge-email-confirmation\/","og_locale":"en_US","og_type":"article","og_title":"Confirmaci\u00f3n Email Reto Casa","og_description":"\u00a1BIENVENID@ AL RETO CASA en el Valley! https:\/\/vimeo.com\/video MENSAJE IMPORTANTE PASO 1: ASEG\u00daRATE DE RECIBIR MIS EMAILS. Te enviar\u00e9 un e-mail con los pasos para evitar que los emails de este reto gratuito te lleguen a Spam. Consulta tu bandeja de entrada y sigue las instrucciones.\u00a0Si usas Gmail, haz clic aqu\u00ed Si no encuentras el [&hellip;]","og_url":"https:\/\/albermoya.com\/en\/challenge-email-confirmation\/","og_site_name":"Alberto Moya - Realtor","article_publisher":"https:\/\/www.facebook.com\/albermoyavalley\/","article_modified_time":"2024-02-01T18:37:49+00:00","og_image":[{"url":"https:\/\/albermoya.com\/wp-content\/uploads\/2021\/06\/logo_alber_moya-02-350x157.png","type":"","width":"","height":""}],"twitter_card":"summary_large_image","schema":{"@context":"https:\/\/schema.org","@graph":[{"@type":"WebPage","@id":"https:\/\/albermoya.com\/confirmacion-email-reto\/","url":"https:\/\/albermoya.com\/confirmacion-email-reto\/","name":"Email Confirmation Home Challenge","isPartOf":{"@id":"https:\/\/albermoya.com\/#website"},"primaryImageOfPage":{"@id":"https:\/\/albermoya.com\/confirmacion-email-reto\/#primaryimage"},"image":{"@id":"https:\/\/albermoya.com\/confirmacion-email-reto\/#primaryimage"},"thumbnailUrl":"https:\/\/albermoya.com\/wp-content\/uploads\/2021\/06\/logo_alber_moya-02-350x157.png","datePublished":"2021-12-15T13:57:22+00:00","dateModified":"2024-02-01T18:37:49+00:00","breadcrumb":{"@id":"https:\/\/albermoya.com\/confirmacion-email-reto\/#breadcrumb"},"inLanguage":"en-US","potentialAction":[{"@type":"ReadAction","target":["https:\/\/albermoya.com\/confirmacion-email-reto\/"]}]},{"@type":"ImageObject","inLanguage":"en-US","@id":"https:\/\/albermoya.com\/confirmacion-email-reto\/#primaryimage","url":"https:\/\/albermoya.com\/wp-content\/uploads\/2021\/06\/logo_alber_moya-02-350x157.png","contentUrl":"https:\/\/albermoya.com\/wp-content\/uploads\/2021\/06\/logo_alber_moya-02-350x157.png"},{"@type":"BreadcrumbList","@id":"https:\/\/albermoya.com\/confirmacion-email-reto\/#breadcrumb","itemListElement":[{"@type":"ListItem","position":1,"name":"Portada","item":"https:\/\/albermoya.com\/"},{"@type":"ListItem","position":2,"name":"Confirmaci\u00f3n Email Reto Casa"}]},{"@type":"WebSite","@id":"https:\/\/albermoya.com\/#website","url":"https:\/\/albermoya.com\/","name":"Alberto Moya - Advisor","description":"Realtor in Los Angeles. Services to help you buy and sell a home in Los Angeles.","publisher":{"@id":"https:\/\/albermoya.com\/#\/schema\/person\/9ff661a570c78114c2b0e236c968b579"},"potentialAction":[{"@type":"SearchAction","target":{"@type":"EntryPoint","urlTemplate":"https:\/\/albermoya.com\/?s={search_term_string}"},"query-input":{"@type":"PropertyValueSpecification","valueRequired":true,"valueName":"search_term_string"}}],"inLanguage":"en-US"},{"@type":["Person","Organization"],"@id":"https:\/\/albermoya.com\/#\/schema\/person\/9ff661a570c78114c2b0e236c968b579","name":"Alber","image":{"@type":"ImageObject","inLanguage":"en-US","@id":"https:\/\/albermoya.com\/wp-content\/uploads\/2021\/06\/logo_alber_moya-02.png","url":"https:\/\/albermoya.com\/wp-content\/uploads\/2021\/06\/logo_alber_moya-02.png","contentUrl":"https:\/\/albermoya.com\/wp-content\/uploads\/2021\/06\/logo_alber_moya-02.png","width":568,"height":254,"caption":"Alber"},"logo":{"@id":"https:\/\/albermoya.com\/wp-content\/uploads\/2021\/06\/logo_alber_moya-02.png"},"sameAs":["https:\/\/albermoya.com\/","https:\/\/www.facebook.com\/albermoyavalley\/","https:\/\/www.instagram.com\/albermoyarealtor\/","https:\/\/www.linkedin.com\/in\/albermoya","https:\/\/www.youtube.com\/channel\/UCmJjMB11OCAiJ3c8phJLgoQ"]}]}},"_links":{"self":[{"href":"https:\/\/albermoya.com\/en\/wp-json\/wp\/v2\/pages\/2708","targetHints":{"allow":["GET"]}}],"collection":[{"href":"https:\/\/albermoya.com\/en\/wp-json\/wp\/v2\/pages"}],"about":[{"href":"https:\/\/albermoya.com\/en\/wp-json\/wp\/v2\/types\/page"}],"author":[{"embeddable":true,"href":"https:\/\/albermoya.com\/en\/wp-json\/wp\/v2\/users\/1"}],"replies":[{"embeddable":true,"href":"https:\/\/albermoya.com\/en\/wp-json\/wp\/v2\/comments?post=2708"}],"version-history":[{"count":14,"href":"https:\/\/albermoya.com\/en\/wp-json\/wp\/v2\/pages\/2708\/revisions"}],"predecessor-version":[{"id":8354,"href":"https:\/\/albermoya.com\/en\/wp-json\/wp\/v2\/pages\/2708\/revisions\/8354"}],"wp:attachment":[{"href":"https:\/\/albermoya.com\/en\/wp-json\/wp\/v2\/media?parent=2708"}],"curies":[{"name":"wp","href":"https:\/\/api.w.org\/{rel}","templated":true}]}}