{"id":3004,"date":"2022-01-04T23:16:31","date_gmt":"2022-01-04T22:16:31","guid":{"rendered":"https:\/\/albermoya.com\/?page_id=3004"},"modified":"2022-02-18T15:44:23","modified_gmt":"2022-02-18T14:44:23","slug":"webinar-broadcast-room-71981191953195101110717","status":"publish","type":"page","link":"https:\/\/albermoya.com\/en\/webinar-broadcast-room-71981191953195101110717\/","title":{"rendered":"Reto fiesta clausura"},"content":{"rendered":"\t\t<div data-elementor-type=\"wp-page\" data-elementor-id=\"3004\" class=\"elementor elementor-3004\" data-elementor-post-type=\"page\">\n\t\t\t\t\t\t<section class=\"elementor-section elementor-top-section elementor-element elementor-element-2538ed13 elementor-section-full_width elementor-section-height-default elementor-section-height-default\" data-id=\"2538ed13\" data-element_type=\"section\" data-e-type=\"section\" data-settings=\"{&quot;background_background&quot;:&quot;classic&quot;,&quot;jet_parallax_layout_list&quot;:[]}\">\n\t\t\t\t\t\t<div class=\"elementor-container elementor-column-gap-default\">\n\t\t\t\t\t<div class=\"elementor-column elementor-col-100 elementor-top-column elementor-element elementor-element-21c06d4a\" data-id=\"21c06d4a\" data-element_type=\"column\" data-e-type=\"column\">\n\t\t\t<div class=\"elementor-widget-wrap elementor-element-populated\">\n\t\t\t\t\t\t<section class=\"elementor-section elementor-inner-section elementor-element elementor-element-4676c162 elementor-section-boxed elementor-section-height-default elementor-section-height-default\" data-id=\"4676c162\" data-element_type=\"section\" data-e-type=\"section\" data-settings=\"{&quot;background_background&quot;:&quot;classic&quot;,&quot;jet_parallax_layout_list&quot;:[]}\">\n\t\t\t\t\t\t<div class=\"elementor-container elementor-column-gap-default\">\n\t\t\t\t\t<div class=\"elementor-column elementor-col-100 elementor-inner-column elementor-element elementor-element-347976e3\" data-id=\"347976e3\" data-element_type=\"column\" data-e-type=\"column\">\n\t\t\t<div class=\"elementor-widget-wrap elementor-element-populated\">\n\t\t\t\t\t\t<div class=\"elementor-element elementor-element-81ed4fa animated-slow elementor-invisible elementor-widget elementor-widget-heading\" data-id=\"81ed4fa\" data-element_type=\"widget\" data-e-type=\"widget\" data-settings=\"{&quot;_animation&quot;:&quot;headShake&quot;}\" data-widget_type=\"heading.default\">\n\t\t\t\t<div class=\"elementor-widget-container\">\n\t\t\t\t\t<h4 class=\"elementor-heading-title elementor-size-default\">Tu seminario est\u00e1 en progreso, no cierres o salgas de esta ventana o perder\u00e1s la oportunidad<\/h4>\t\t\t\t<\/div>\n\t\t\t\t<\/div>\n\t\t\t\t<div class=\"elementor-element elementor-element-2a637d1 elementor-widget elementor-widget-presto_video\" data-id=\"2a637d1\" data-element_type=\"widget\" data-e-type=\"widget\" data-widget_type=\"presto_video.default\">\n\t\t\t\t<div class=\"elementor-widget-container\">\n\t\t\t\t\t<!--presto-player:video_id=3--><figure class=\"wp-block-video presto-block-video  presto-provider-vimeo\" style=\"--plyr-color-main: var(--presto-player-highlight-color, #00b3ff); --plyr-captions-background: #000000; --presto-player-logo-width: 150px; \">\n\t<presto-player \n\t\tpreset='{&quot;id&quot;:6,&quot;name&quot;:&quot;Fiesta&quot;,&quot;slug&quot;:&quot;fiesta&quot;,&quot;icon&quot;:&quot;&quot;,&quot;skin&quot;:&quot;default&quot;,&quot;play-large&quot;:true,&quot;rewind&quot;:false,&quot;play&quot;:false,&quot;fast-forward&quot;:true,&quot;progress&quot;:false,&quot;current-time&quot;:false,&quot;mute&quot;:true,&quot;volume&quot;:true,&quot;speed&quot;:true,&quot;pip&quot;:false,&quot;fullscreen&quot;:true,&quot;captions&quot;:false,&quot;reset_on_end&quot;:false,&quot;auto_hide&quot;:true,&quot;captions_enabled&quot;:false,&quot;save_player_position&quot;:true,&quot;sticky_scroll&quot;:false,&quot;sticky_scroll_position&quot;:&quot;&quot;,&quot;play_video_viewport&quot;:true,&quot;hide_youtube&quot;:false,&quot;lazy_load_youtube&quot;:false,&quot;hide_logo&quot;:true,&quot;border_radius&quot;:0,&quot;caption_style&quot;:&quot;default&quot;,&quot;caption_background&quot;:&quot;#000000&quot;,&quot;is_locked&quot;:false,&quot;cta&quot;:{&quot;enabled&quot;:false,&quot;percentage&quot;:100,&quot;show_rewatch&quot;:false,&quot;show_skip&quot;:true,&quot;headline&quot;:&quot;Want to learn more?&quot;,&quot;bottom_text&quot;:&quot;&quot;,&quot;show_button&quot;:true,&quot;button_text&quot;:&quot;Click Here&quot;,&quot;button_color&quot;:&quot;&quot;,&quot;button_text_color&quot;:&quot;&quot;,&quot;background_opacity&quot;:0,&quot;button_link&quot;:{&quot;id&quot;:&quot;&quot;,&quot;url&quot;:&quot;&quot;,&quot;type&quot;:&quot;&quot;,&quot;opensInNewTab&quot;:true},&quot;button_radius&quot;:20},&quot;email_collection&quot;:{&quot;enabled&quot;:false,&quot;behavior&quot;:&quot;pause&quot;,&quot;percentage&quot;:0,&quot;allow_skip&quot;:false,&quot;provider&quot;:&quot;&quot;,&quot;provider_list&quot;:&quot;&quot;,&quot;provider_tag&quot;:&quot;&quot;,&quot;border_radius&quot;:0,&quot;headline&quot;:&quot;&quot;,&quot;bottom_text&quot;:&quot;&quot;,&quot;button_text&quot;:&quot;&quot;,&quot;button_color&quot;:&quot;&quot;,&quot;button_text_color&quot;:&quot;&quot;},&quot;action_bar&quot;:{&quot;enabled&quot;:true,&quot;percentage_start&quot;:86,&quot;text&quot;:&quot;\\u00a1TU PDF PROMETIDO EST\\u00c1 LISTO!&quot;,&quot;background_color&quot;:&quot;&quot;,&quot;button_type&quot;:&quot;custom&quot;,&quot;button_count&quot;:false,&quot;button_text&quot;:&quot;CLIC PARA OBTENERLO&quot;,&quot;button_radius&quot;:6,&quot;button_color&quot;:&quot;&quot;,&quot;button_text_color&quot;:&quot;&quot;,&quot;button_link&quot;:{&quot;id&quot;:&quot;javascript:showLayer()&quot;,&quot;url&quot;:&quot;javascript:showLayer()&quot;,&quot;type&quot;:&quot;URL&quot;,&quot;opensInNewTab&quot;:false}},&quot;created_by&quot;:1,&quot;created_at&quot;:&quot;2022-01-12 23:28:07&quot;,&quot;updated_at&quot;:&quot;2022-02-02 20:01:40&quot;,&quot;deleted_at&quot;:&quot;&quot;,&quot;watermark&quot;:{&quot;enabled&quot;:false,&quot;text&quot;:&quot;Enter your watermark text.&quot;,&quot;backgroundColor&quot;:&quot;#333&quot;,&quot;color&quot;:&quot;#fff&quot;,&quot;opacity&quot;:80,&quot;position&quot;:&quot;top-right&quot;},&quot;on_video_end&quot;:&quot;loop&quot;,&quot;show_time_elapsed&quot;:false,&quot;search&quot;:[&quot;&quot;]}'\n\t\tbranding='{&quot;logo&quot;:&quot;&quot;,&quot;color&quot;:&quot;#00b3ff&quot;,&quot;logo_width&quot;:150}'\n\t\tchapters='[]'\n\t\toverlays='[]'\n\t\ttracks='[]'\n\t\tblock-attributes='{&quot;playsInline&quot;:true,&quot;mutedPreview&quot;:{&quot;enabled&quot;:true,&quot;captions&quot;:false},&quot;mutedOverlay&quot;:{&quot;enabled&quot;:true,&quot;type&quot;:&quot;text&quot;,&quot;text&quot;:&quot;&quot;,&quot;src&quot;:&quot;https:\\\/\\\/albermoya.com\\\/wp-content\\\/uploads\\\/2022\\\/01\\\/arriba-video-webinar.png&quot;,&quot;width&quot;:100,&quot;focalPoint&quot;:{&quot;x&quot;:0.5,&quot;y&quot;:&quot;0.50&quot;}},&quot;id&quot;:3,&quot;src&quot;:&quot;https:\\\/\\\/vimeo.com\\\/666356271&quot;,&quot;preset&quot;:6,&quot;chapters&quot;:[],&quot;video_id&quot;:&quot;666356271&quot;,&quot;title&quot;:&quot;https:\\\/\\\/vimeo.com\\\/666356271&quot;}'\n\t\tanalytics=''\n\t\tautomations\t\tprovider='vimeo'\n\t\t\t\tid=\"presto-player-1\"\n\t\tsrc=\"https:\/\/vimeo.com\/666356271\"\n\t\tmedia-title=\"https:\/\/vimeo.com\/666356271\"\n\t\tcss=\"\"\n\t\tclass=\"presto-video-id-3 presto-preset-id-6 skin-default caption-style-default\"\n\t\tskin=\"default\" \n\t\ticon-url=\"https:\/\/albermoya.com\/wp-content\/plugins\/presto-player\/img\/sprite.svg\" \n\t\tpreload=\"\" \n\t\tposter=\"\"\n\t\tyoutube=\"{&quot;noCookie&quot;:false,&quot;channelId&quot;:&quot;&quot;,&quot;show_count&quot;:false}\"\n\t\tprovider-video-id=\"\"\n\t\tvideo-id=\"3\"\n\t\t\t\tvideo-attributes='{}'\n\t\tplaysinline\t\t\t\t>\n\t\t\n\n    <div class=\"presto-iframe-fallback-container\">\n        <iframe style=\"width: 100%\" title=\"Vimeo Video\" class=\"presto-fallback-iframe\" id=\"presto-iframe-fallback-1\" data-src=\"https:\/\/player.vimeo.com\/video\/666356271?loop=false&amp;byline=false&amp;portrait=false&amp;title=false&amp;speed=true&amp;transparent=0&amp;gesture=media\" allowfullscreen allowtransparency allow=\"autoplay\"><\/iframe>\n    <\/div>\n\t<\/presto-player>\n<\/figure>\t\t\t\t<\/div>\n\t\t\t\t<\/div>\n\t\t\t\t\t<\/div>\n\t\t<\/div>\n\t\t\t\t\t<\/div>\n\t\t<\/section>\n\t\t\t\t<section class=\"elementor-section elementor-inner-section elementor-element elementor-element-288bd6a elementor-hidden-desktop elementor-hidden-tablet elementor-hidden-mobile elementor-section-boxed elementor-section-height-default elementor-section-height-default\" data-id=\"288bd6a\" data-element_type=\"section\" data-e-type=\"section\" id=\"pdfdescarga\" data-settings=\"{&quot;background_background&quot;:&quot;classic&quot;,&quot;jet_parallax_layout_list&quot;:[]}\">\n\t\t\t\t\t\t<div class=\"elementor-container elementor-column-gap-default\">\n\t\t\t\t\t<div class=\"elementor-column elementor-col-100 elementor-inner-column elementor-element elementor-element-7a0adb1\" data-id=\"7a0adb1\" data-element_type=\"column\" data-e-type=\"column\">\n\t\t\t<div class=\"elementor-widget-wrap elementor-element-populated\">\n\t\t\t\t\t\t<div class=\"elementor-element elementor-element-4d825c6 elementor-widget elementor-widget-heading\" data-id=\"4d825c6\" data-element_type=\"widget\" data-e-type=\"widget\" data-widget_type=\"heading.default\">\n\t\t\t\t<div class=\"elementor-widget-container\">\n\t\t\t\t\t<h2 class=\"elementor-heading-title elementor-size-default\">\u00a1Tu PDF gratuito est\u00e1 listo!<\/h2>\t\t\t\t<\/div>\n\t\t\t\t<\/div>\n\t\t\t\t<div class=\"elementor-element elementor-element-b8d7238 elementor-align-center elementor-widget elementor-widget-button\" data-id=\"b8d7238\" data-element_type=\"widget\" data-e-type=\"widget\" data-widget_type=\"button.default\">\n\t\t\t\t<div class=\"elementor-widget-container\">\n\t\t\t\t\t\t\t\t\t<div class=\"elementor-button-wrapper\">\n\t\t\t\t\t<a class=\"elementor-button elementor-button-link elementor-size-lg elementor-animation-float\" href=\"https:\/\/www.messenger.com\/t\/104772138769528\/?ref=pdf&#038;messaging_source=source%3Apages%3Amessage_shortlink\" target=\"_blank\">\n\t\t\t\t\t\t<span class=\"elementor-button-content-wrapper\">\n\t\t\t\t\t\t<span class=\"elementor-button-icon\">\n\t\t\t\t<i aria-hidden=\"true\" class=\"fas fa-angle-double-right\"><\/i>\t\t\t<\/span>\n\t\t\t\t\t\t\t\t\t<span class=\"elementor-button-text\">HAZ CLIC AQU\u00cd PARA DESCARGAR EL PDF<\/span>\n\t\t\t\t\t<\/span>\n\t\t\t\t\t<\/a>\n\t\t\t\t<\/div>\n\t\t\t\t\t\t\t\t<\/div>\n\t\t\t\t<\/div>\n\t\t\t\t<div class=\"elementor-element elementor-element-795776c elementor-widget elementor-widget-text-editor\" data-id=\"795776c\" data-element_type=\"widget\" data-e-type=\"widget\" data-widget_type=\"text-editor.default\">\n\t\t\t\t<div class=\"elementor-widget-container\">\n\t\t\t\t\t\t\t\t\tAl hacer clic te llegar\u00e1 el PDF por Facebook Messeger\t\t\t\t\t\t\t\t<\/div>\n\t\t\t\t<\/div>\n\t\t\t\t<div class=\"elementor-element elementor-element-3c4f496 elementor-widget elementor-widget-heading\" data-id=\"3c4f496\" data-element_type=\"widget\" data-e-type=\"widget\" data-widget_type=\"heading.default\">\n\t\t\t\t<div class=\"elementor-widget-container\">\n\t\t\t\t\t<h2 class=\"elementor-heading-title elementor-size-default\">Las sesiones de esta semana est\u00e1n limitadas<\/h2>\t\t\t\t<\/div>\n\t\t\t\t<\/div>\n\t\t\t\t<div class=\"elementor-element elementor-element-b7f5f0b elementor-align-center elementor-widget elementor-widget-button\" data-id=\"b7f5f0b\" data-element_type=\"widget\" data-e-type=\"widget\" data-widget_type=\"button.default\">\n\t\t\t\t<div class=\"elementor-widget-container\">\n\t\t\t\t\t\t\t\t\t<div class=\"elementor-button-wrapper\">\n\t\t\t\t\t<a class=\"elementor-button elementor-button-link elementor-size-lg elementor-animation-float\" href=\"https:\/\/pay.hotmart.com\/Y65387706H?off=oimanzpf&#038;checkoutMode=10&#038;bid=1645192888634%20\">\n\t\t\t\t\t\t<span class=\"elementor-button-content-wrapper\">\n\t\t\t\t\t\t<span class=\"elementor-button-icon\">\n\t\t\t\t<i aria-hidden=\"true\" class=\"fas fa-angle-double-right\"><\/i>\t\t\t<\/span>\n\t\t\t\t\t\t\t\t\t<span class=\"elementor-button-text\">HAZ CLIC AQU\u00cd PARA AGENDAR AHORA<\/span>\n\t\t\t\t\t<\/span>\n\t\t\t\t\t<\/a>\n\t\t\t\t<\/div>\n\t\t\t\t\t\t\t\t<\/div>\n\t\t\t\t<\/div>\n\t\t\t\t<div class=\"elementor-element elementor-element-06bfc71 elementor-widget elementor-widget-text-editor\" data-id=\"06bfc71\" data-element_type=\"widget\" data-e-type=\"widget\" data-widget_type=\"text-editor.default\">\n\t\t\t\t<div class=\"elementor-widget-container\">\n\t\t\t\t\t\t\t\t\t<p><strong>*IMPORTANTE*<\/strong> &#8211; Si ves este texto significa que todav\u00eda hay espacios para reservar tu sesi\u00f3n de claridad con los bonos incluidos.<\/p>\t\t\t\t\t\t\t\t<\/div>\n\t\t\t\t<\/div>\n\t\t\t\t<div class=\"elementor-element elementor-element-6de0365 elementor-widget elementor-widget-heading\" data-id=\"6de0365\" data-element_type=\"widget\" data-e-type=\"widget\" data-widget_type=\"heading.default\">\n\t\t\t\t<div class=\"elementor-widget-container\">\n\t\t\t\t\t<h3 class=\"elementor-heading-title elementor-size-default\">\u00bfNo te sientes c\u00f3modo pagando por internet?<br>\u00bfO tienes m\u00e1s preguntas?<\/h3>\t\t\t\t<\/div>\n\t\t\t\t<\/div>\n\t\t\t\t<div class=\"elementor-element elementor-element-be90d17 elementor-align-center elementor-widget elementor-widget-button\" data-id=\"be90d17\" data-element_type=\"widget\" data-e-type=\"widget\" data-widget_type=\"button.default\">\n\t\t\t\t<div class=\"elementor-widget-container\">\n\t\t\t\t\t\t\t\t\t<div class=\"elementor-button-wrapper\">\n\t\t\t\t\t<a class=\"elementor-button elementor-button-link elementor-size-lg elementor-animation-float\" href=\"https:\/\/api.whatsapp.com\/send?phone=31649972092\" target=\"_blank\">\n\t\t\t\t\t\t<span class=\"elementor-button-content-wrapper\">\n\t\t\t\t\t\t<span class=\"elementor-button-icon\">\n\t\t\t\t<i aria-hidden=\"true\" class=\"fas fa-angle-double-right\"><\/i>\t\t\t<\/span>\n\t\t\t\t\t\t\t\t\t<span class=\"elementor-button-text\">CHAT DE WHATSAPP Haz clic aqu\u00ed<\/span>\n\t\t\t\t\t<\/span>\n\t\t\t\t\t<\/a>\n\t\t\t\t<\/div>\n\t\t\t\t\t\t\t\t<\/div>\n\t\t\t\t<\/div>\n\t\t\t\t<div class=\"elementor-element elementor-element-4f58668 elementor-widget elementor-widget-text-editor\" data-id=\"4f58668\" data-element_type=\"widget\" data-e-type=\"widget\" data-widget_type=\"text-editor.default\">\n\t\t\t\t<div class=\"elementor-widget-container\">\n\t\t\t\t\t\t\t\t\tHabla con nosotros al instante por WhatsApp\t\t\t\t\t\t\t\t<\/div>\n\t\t\t\t<\/div>\n\t\t\t\t\t<\/div>\n\t\t<\/div>\n\t\t\t\t\t<\/div>\n\t\t<\/section>\n\t\t\t\t\t<\/div>\n\t\t<\/div>\n\t\t\t\t\t<\/div>\n\t\t<\/section>\n\t\t\t\t<\/div>\n\t\t","protected":false},"excerpt":{"rendered":"<p>Tu seminario est\u00e1 en progreso, no cierres o salgas de esta ventana o perder\u00e1s la oportunidad \u00a1Tu PDF gratuito est\u00e1 listo! HAZ CLIC AQU\u00cd PARA DESCARGAR EL PDF Al hacer clic te llegar\u00e1 el PDF por Facebook Messeger Las sesiones de esta semana est\u00e1n limitadas HAZ CLIC AQU\u00cd PARA AGENDAR AHORA *IMPORTANTE* &#8211; Si ves [&hellip;]<\/p>\n","protected":false},"author":5,"featured_media":0,"parent":0,"menu_order":0,"comment_status":"closed","ping_status":"closed","template":"elementor_canvas","meta":{"_acf_changed":false,"site-sidebar-layout":"no-sidebar","site-content-layout":"page-builder","ast-site-content-layout":"","site-content-style":"default","site-sidebar-style":"default","ast-global-header-display":"","ast-banner-title-visibility":"","ast-main-header-display":"","ast-hfb-above-header-display":"","ast-hfb-below-header-display":"","ast-hfb-mobile-header-display":"","site-post-title":"disabled","ast-breadcrumbs-content":"","ast-featured-img":"disabled","footer-sml-layout":"","theme-transparent-header-meta":"default","adv-header-id-meta":"","stick-header-meta":"","header-above-stick-meta":"","header-main-stick-meta":"","header-below-stick-meta":"","astra-migrate-meta-layouts":"default","ast-page-background-enabled":"default","ast-page-background-meta":{"desktop":{"background-color":"","background-image":"","background-repeat":"repeat","background-position":"center center","background-size":"auto","background-attachment":"scroll","background-type":"","background-media":"","overlay-type":"","overlay-color":"","overlay-opacity":"","overlay-gradient":""},"tablet":{"background-color":"","background-image":"","background-repeat":"repeat","background-position":"center center","background-size":"auto","background-attachment":"scroll","background-type":"","background-media":"","overlay-type":"","overlay-color":"","overlay-opacity":"","overlay-gradient":""},"mobile":{"background-color":"","background-image":"","background-repeat":"repeat","background-position":"center center","background-size":"auto","background-attachment":"scroll","background-type":"","background-media":"","overlay-type":"","overlay-color":"","overlay-opacity":"","overlay-gradient":""}},"ast-content-background-meta":{"desktop":{"background-color":"var(--ast-global-color-5)","background-image":"","background-repeat":"repeat","background-position":"center center","background-size":"auto","background-attachment":"scroll","background-type":"","background-media":"","overlay-type":"","overlay-color":"","overlay-opacity":"","overlay-gradient":""},"tablet":{"background-color":"var(--ast-global-color-5)","background-image":"","background-repeat":"repeat","background-position":"center center","background-size":"auto","background-attachment":"scroll","background-type":"","background-media":"","overlay-type":"","overlay-color":"","overlay-opacity":"","overlay-gradient":""},"mobile":{"background-color":"var(--ast-global-color-5)","background-image":"","background-repeat":"repeat","background-position":"center center","background-size":"auto","background-attachment":"scroll","background-type":"","background-media":"","overlay-type":"","overlay-color":"","overlay-opacity":"","overlay-gradient":""}},"footnotes":""},"class_list":["post-3004","page","type-page","status-publish","hentry"],"acf":[],"yoast_head":"<!-- This site is optimized with the Yoast SEO plugin v27.4 - https:\/\/yoast.com\/product\/yoast-seo-wordpress\/ -->\n<title>Reto fiesta clausura - Alberto Moya - Realtor<\/title>\n<meta name=\"robots\" content=\"index, follow, max-snippet:-1, max-image-preview:large, max-video-preview:-1\" \/>\n<link rel=\"canonical\" href=\"https:\/\/albermoya.com\/en\/webinar-broadcast-room-71981191953195101110717\/\" \/>\n<meta property=\"og:locale\" content=\"en_US\" \/>\n<meta property=\"og:type\" content=\"article\" \/>\n<meta property=\"og:title\" content=\"Reto fiesta clausura - Alberto Moya - Realtor\" \/>\n<meta property=\"og:description\" content=\"Tu seminario est\u00e1 en progreso, no cierres o salgas de esta ventana o perder\u00e1s la oportunidad \u00a1Tu PDF gratuito est\u00e1 listo! HAZ CLIC AQU\u00cd PARA DESCARGAR EL PDF Al hacer clic te llegar\u00e1 el PDF por Facebook Messeger Las sesiones de esta semana est\u00e1n limitadas HAZ CLIC AQU\u00cd PARA AGENDAR AHORA *IMPORTANTE* &#8211; Si ves [&hellip;]\" \/>\n<meta property=\"og:url\" content=\"https:\/\/albermoya.com\/en\/webinar-broadcast-room-71981191953195101110717\/\" \/>\n<meta property=\"og:site_name\" content=\"Alberto Moya - Realtor\" \/>\n<meta property=\"article:publisher\" content=\"https:\/\/www.facebook.com\/albermoyavalley\/\" \/>\n<meta property=\"article:modified_time\" content=\"2022-02-18T14:44:23+00:00\" \/>\n<meta name=\"twitter:card\" content=\"summary_large_image\" \/>\n<script type=\"application\/ld+json\" class=\"yoast-schema-graph\">{\"@context\":\"https:\\\/\\\/schema.org\",\"@graph\":[{\"@type\":\"WebPage\",\"@id\":\"https:\\\/\\\/albermoya.com\\\/webinar-broadcast-room-71981191953195101110717\\\/\",\"url\":\"https:\\\/\\\/albermoya.com\\\/webinar-broadcast-room-71981191953195101110717\\\/\",\"name\":\"Reto fiesta clausura - Alberto Moya - Realtor\",\"isPartOf\":{\"@id\":\"https:\\\/\\\/albermoya.com\\\/#website\"},\"datePublished\":\"2022-01-04T22:16:31+00:00\",\"dateModified\":\"2022-02-18T14:44:23+00:00\",\"breadcrumb\":{\"@id\":\"https:\\\/\\\/albermoya.com\\\/webinar-broadcast-room-71981191953195101110717\\\/#breadcrumb\"},\"inLanguage\":\"en-US\",\"potentialAction\":[{\"@type\":\"ReadAction\",\"target\":[\"https:\\\/\\\/albermoya.com\\\/webinar-broadcast-room-71981191953195101110717\\\/\"]}]},{\"@type\":\"BreadcrumbList\",\"@id\":\"https:\\\/\\\/albermoya.com\\\/webinar-broadcast-room-71981191953195101110717\\\/#breadcrumb\",\"itemListElement\":[{\"@type\":\"ListItem\",\"position\":1,\"name\":\"Portada\",\"item\":\"https:\\\/\\\/albermoya.com\\\/\"},{\"@type\":\"ListItem\",\"position\":2,\"name\":\"Reto fiesta clausura\"}]},{\"@type\":\"WebSite\",\"@id\":\"https:\\\/\\\/albermoya.com\\\/#website\",\"url\":\"https:\\\/\\\/albermoya.com\\\/\",\"name\":\"Alberto Moya - Asesor\",\"description\":\"Realtor en Los Angeles. Servicios para ayudarte a comprar y vender casa en Los \u00c1ngeles.\",\"publisher\":{\"@id\":\"https:\\\/\\\/albermoya.com\\\/#\\\/schema\\\/person\\\/9ff661a570c78114c2b0e236c968b579\"},\"potentialAction\":[{\"@type\":\"SearchAction\",\"target\":{\"@type\":\"EntryPoint\",\"urlTemplate\":\"https:\\\/\\\/albermoya.com\\\/?s={search_term_string}\"},\"query-input\":{\"@type\":\"PropertyValueSpecification\",\"valueRequired\":true,\"valueName\":\"search_term_string\"}}],\"inLanguage\":\"en-US\"},{\"@type\":[\"Person\",\"Organization\"],\"@id\":\"https:\\\/\\\/albermoya.com\\\/#\\\/schema\\\/person\\\/9ff661a570c78114c2b0e236c968b579\",\"name\":\"Alber\",\"image\":{\"@type\":\"ImageObject\",\"inLanguage\":\"en-US\",\"@id\":\"https:\\\/\\\/albermoya.com\\\/wp-content\\\/uploads\\\/2021\\\/06\\\/logo_alber_moya-02.png\",\"url\":\"https:\\\/\\\/albermoya.com\\\/wp-content\\\/uploads\\\/2021\\\/06\\\/logo_alber_moya-02.png\",\"contentUrl\":\"https:\\\/\\\/albermoya.com\\\/wp-content\\\/uploads\\\/2021\\\/06\\\/logo_alber_moya-02.png\",\"width\":568,\"height\":254,\"caption\":\"Alber\"},\"logo\":{\"@id\":\"https:\\\/\\\/albermoya.com\\\/wp-content\\\/uploads\\\/2021\\\/06\\\/logo_alber_moya-02.png\"},\"sameAs\":[\"https:\\\/\\\/albermoya.com\\\/\",\"https:\\\/\\\/www.facebook.com\\\/albermoyavalley\\\/\",\"https:\\\/\\\/www.instagram.com\\\/albermoyarealtor\\\/\",\"https:\\\/\\\/www.linkedin.com\\\/in\\\/albermoya\",\"https:\\\/\\\/www.youtube.com\\\/channel\\\/UCmJjMB11OCAiJ3c8phJLgoQ\"]}]}<\/script>\n<!-- \/ Yoast SEO plugin. -->","yoast_head_json":{"title":"Reto fiesta clausura - Alberto Moya - Realtor","robots":{"index":"index","follow":"follow","max-snippet":"max-snippet:-1","max-image-preview":"max-image-preview:large","max-video-preview":"max-video-preview:-1"},"canonical":"https:\/\/albermoya.com\/en\/webinar-broadcast-room-71981191953195101110717\/","og_locale":"en_US","og_type":"article","og_title":"Reto fiesta clausura - Alberto Moya - Realtor","og_description":"Tu seminario est\u00e1 en progreso, no cierres o salgas de esta ventana o perder\u00e1s la oportunidad \u00a1Tu PDF gratuito est\u00e1 listo! HAZ CLIC AQU\u00cd PARA DESCARGAR EL PDF Al hacer clic te llegar\u00e1 el PDF por Facebook Messeger Las sesiones de esta semana est\u00e1n limitadas HAZ CLIC AQU\u00cd PARA AGENDAR AHORA *IMPORTANTE* &#8211; Si ves [&hellip;]","og_url":"https:\/\/albermoya.com\/en\/webinar-broadcast-room-71981191953195101110717\/","og_site_name":"Alberto Moya - Realtor","article_publisher":"https:\/\/www.facebook.com\/albermoyavalley\/","article_modified_time":"2022-02-18T14:44:23+00:00","twitter_card":"summary_large_image","schema":{"@context":"https:\/\/schema.org","@graph":[{"@type":"WebPage","@id":"https:\/\/albermoya.com\/webinar-broadcast-room-71981191953195101110717\/","url":"https:\/\/albermoya.com\/webinar-broadcast-room-71981191953195101110717\/","name":"Reto fiesta clausura - Alberto Moya - Realtor","isPartOf":{"@id":"https:\/\/albermoya.com\/#website"},"datePublished":"2022-01-04T22:16:31+00:00","dateModified":"2022-02-18T14:44:23+00:00","breadcrumb":{"@id":"https:\/\/albermoya.com\/webinar-broadcast-room-71981191953195101110717\/#breadcrumb"},"inLanguage":"en-US","potentialAction":[{"@type":"ReadAction","target":["https:\/\/albermoya.com\/webinar-broadcast-room-71981191953195101110717\/"]}]},{"@type":"BreadcrumbList","@id":"https:\/\/albermoya.com\/webinar-broadcast-room-71981191953195101110717\/#breadcrumb","itemListElement":[{"@type":"ListItem","position":1,"name":"Portada","item":"https:\/\/albermoya.com\/"},{"@type":"ListItem","position":2,"name":"Reto fiesta clausura"}]},{"@type":"WebSite","@id":"https:\/\/albermoya.com\/#website","url":"https:\/\/albermoya.com\/","name":"Alberto Moya - Advisor","description":"Realtor in Los Angeles. Services to help you buy and sell a home in Los Angeles.","publisher":{"@id":"https:\/\/albermoya.com\/#\/schema\/person\/9ff661a570c78114c2b0e236c968b579"},"potentialAction":[{"@type":"SearchAction","target":{"@type":"EntryPoint","urlTemplate":"https:\/\/albermoya.com\/?s={search_term_string}"},"query-input":{"@type":"PropertyValueSpecification","valueRequired":true,"valueName":"search_term_string"}}],"inLanguage":"en-US"},{"@type":["Person","Organization"],"@id":"https:\/\/albermoya.com\/#\/schema\/person\/9ff661a570c78114c2b0e236c968b579","name":"Alber","image":{"@type":"ImageObject","inLanguage":"en-US","@id":"https:\/\/albermoya.com\/wp-content\/uploads\/2021\/06\/logo_alber_moya-02.png","url":"https:\/\/albermoya.com\/wp-content\/uploads\/2021\/06\/logo_alber_moya-02.png","contentUrl":"https:\/\/albermoya.com\/wp-content\/uploads\/2021\/06\/logo_alber_moya-02.png","width":568,"height":254,"caption":"Alber"},"logo":{"@id":"https:\/\/albermoya.com\/wp-content\/uploads\/2021\/06\/logo_alber_moya-02.png"},"sameAs":["https:\/\/albermoya.com\/","https:\/\/www.facebook.com\/albermoyavalley\/","https:\/\/www.instagram.com\/albermoyarealtor\/","https:\/\/www.linkedin.com\/in\/albermoya","https:\/\/www.youtube.com\/channel\/UCmJjMB11OCAiJ3c8phJLgoQ"]}]}},"_links":{"self":[{"href":"https:\/\/albermoya.com\/en\/wp-json\/wp\/v2\/pages\/3004","targetHints":{"allow":["GET"]}}],"collection":[{"href":"https:\/\/albermoya.com\/en\/wp-json\/wp\/v2\/pages"}],"about":[{"href":"https:\/\/albermoya.com\/en\/wp-json\/wp\/v2\/types\/page"}],"author":[{"embeddable":true,"href":"https:\/\/albermoya.com\/en\/wp-json\/wp\/v2\/users\/5"}],"replies":[{"embeddable":true,"href":"https:\/\/albermoya.com\/en\/wp-json\/wp\/v2\/comments?post=3004"}],"version-history":[{"count":9,"href":"https:\/\/albermoya.com\/en\/wp-json\/wp\/v2\/pages\/3004\/revisions"}],"predecessor-version":[{"id":4586,"href":"https:\/\/albermoya.com\/en\/wp-json\/wp\/v2\/pages\/3004\/revisions\/4586"}],"wp:attachment":[{"href":"https:\/\/albermoya.com\/en\/wp-json\/wp\/v2\/media?parent=3004"}],"curies":[{"name":"wp","href":"https:\/\/api.w.org\/{rel}","templated":true}]}}