{"id":4376,"date":"2022-01-21T22:36:57","date_gmt":"2022-01-21T21:36:57","guid":{"rendered":"https:\/\/albermoya.com\/?page_id=4376"},"modified":"2023-07-18T20:49:36","modified_gmt":"2023-07-18T18:49:36","slug":"congratulations-youre-in","status":"publish","type":"page","link":"https:\/\/albermoya.com\/en\/congratulations-youre-in\/","title":{"rendered":"Congratulations, you&#039;re in!"},"content":{"rendered":"<div data-elementor-type=\"wp-page\" data-elementor-id=\"4376\" class=\"elementor elementor-4376\" data-elementor-post-type=\"page\">\n\t\t\t\t\t\t<section class=\"elementor-section elementor-top-section elementor-element elementor-element-5ec1fad6 elementor-section-stretched elementor-section-boxed elementor-section-height-default elementor-section-height-default\" data-id=\"5ec1fad6\" data-element_type=\"section\" data-e-type=\"section\" data-settings=\"{&quot;background_background&quot;:&quot;classic&quot;,&quot;stretch_section&quot;:&quot;section-stretched&quot;,&quot;shape_divider_bottom&quot;:&quot;curve-asymmetrical&quot;,&quot;jet_parallax_layout_list&quot;:[]}\">\n\t\t\t\t\t\t\t<div class=\"elementor-background-overlay\"><\/div>\n\t\t\t\t\t\t<div class=\"elementor-shape elementor-shape-bottom\" aria-hidden=\"true\" data-negative=\"false\">\n\t\t\t<svg xmlns=\"http:\/\/www.w3.org\/2000\/svg\" viewbox=\"0 0 1000 100\" preserveaspectratio=\"none\">\n\t<path class=\"elementor-shape-fill\" d=\"M0,0c0,0,0,6,0,6.7c0,18,240.2,93.6,615.2,92.6C989.8,98.5,1000,25,1000,6.7c0-0.7,0-6.7,0-6.7H0z\"\/>\n<\/svg>\t\t<\/div>\n\t\t\t\t\t<div class=\"elementor-container elementor-column-gap-default\">\n\t\t\t\t\t<div class=\"elementor-column elementor-col-100 elementor-top-column elementor-element elementor-element-489edee4\" data-id=\"489edee4\" data-element_type=\"column\" data-e-type=\"column\">\n\t\t\t<div class=\"elementor-widget-wrap elementor-element-populated\">\n\t\t\t\t\t\t<div class=\"elementor-element elementor-element-424a305f elementor-widget elementor-widget-heading\" data-id=\"424a305f\" data-element_type=\"widget\" data-e-type=\"widget\" data-widget_type=\"heading.default\">\n\t\t\t\t<div class=\"elementor-widget-container\">\n\t\t\t\t\t<h1 class=\"elementor-heading-title elementor-size-default\">CONGRATULATIONS!<\/h1>\t\t\t\t<\/div>\n\t\t\t\t<\/div>\n\t\t\t\t\t<\/div>\n\t\t<\/div>\n\t\t\t\t\t<\/div>\n\t\t<\/section>\n\t\t\t\t<section class=\"elementor-section elementor-top-section elementor-element elementor-element-62cce781 elementor-section-boxed elementor-section-height-default elementor-section-height-default\" data-id=\"62cce781\" data-element_type=\"section\" data-e-type=\"section\" data-settings=\"{&quot;jet_parallax_layout_list&quot;:[]}\">\n\t\t\t\t\t\t<div class=\"elementor-container elementor-column-gap-default\">\n\t\t\t\t\t<div class=\"elementor-column elementor-col-100 elementor-top-column elementor-element elementor-element-1596f69f\" data-id=\"1596f69f\" data-element_type=\"column\" data-e-type=\"column\">\n\t\t\t<div class=\"elementor-widget-wrap elementor-element-populated\">\n\t\t\t\t\t\t<div class=\"elementor-element elementor-element-7238d87c elementor-widget elementor-widget-heading\" data-id=\"7238d87c\" data-element_type=\"widget\" data-e-type=\"widget\" data-widget_type=\"heading.default\">\n\t\t\t\t<div class=\"elementor-widget-container\">\n\t\t\t\t\t<h2 class=\"elementor-heading-title elementor-size-default\">You&#039;re in!<\/h2>\t\t\t\t<\/div>\n\t\t\t\t<\/div>\n\t\t\t\t<div class=\"elementor-element elementor-element-19a32145 elementor-widget elementor-widget-text-editor\" data-id=\"19a32145\" data-element_type=\"widget\" data-e-type=\"widget\" data-widget_type=\"text-editor.default\">\n\t\t\t\t<div class=\"elementor-widget-container\">\n\t\t\t\t\t\t\t\t\t<p><span style=\"font-weight: 400;\">We&#039;ll see you VERY SOON in the webinar<\/span><\/p>\t\t\t\t\t\t\t\t<\/div>\n\t\t\t\t<\/div>\n\t\t\t\t<div class=\"elementor-element elementor-element-58f8c115 elementor-widget elementor-widget-text-editor\" data-id=\"58f8c115\" data-element_type=\"widget\" data-e-type=\"widget\" data-widget_type=\"text-editor.default\">\n\t\t\t\t<div class=\"elementor-widget-container\">\n\t\t\t\t\t\t\t\t\t<h2 style=\"text-align: center;\"><strong>How to prepare for the webinar<\/strong><\/h2><h3 style=\"text-align: center;\"><b>TO MAKE THE MOST OF THE 35 MINUTES IT LASTS IN AN OPTIMAL WAY<\/b><\/h3><ul style=\"line-height: 150%;\"><li><span style=\"font-weight: 400;\">When you receive the email go to a quiet place\u00a0<\/span><\/li><li><span style=\"font-weight: 400;\">Keep in mind that today we are not going to touch on bureaucratic issues, relax.<\/span><\/li><li><span style=\"font-weight: 400;\">Get ready to discover ways out of emotions that prevent you from acting<\/span><\/li><\/ul>\t\t\t\t\t\t\t\t<\/div>\n\t\t\t\t<\/div>\n\t\t\t\t<div class=\"elementor-element elementor-element-7a64811 elementor-widget elementor-widget-text-editor\" data-id=\"7a64811\" data-element_type=\"widget\" data-e-type=\"widget\" data-widget_type=\"text-editor.default\">\n\t\t\t\t<div class=\"elementor-widget-container\">\n\t\t\t\t\t\t\t\t\t<p><span style=\"font-weight: 400; color: #000000;\">It&#039;s your time!!<\/span><\/p>\n<p><span style=\"color: #000000;\">A big hug<\/span><b>&nbsp;<img decoding=\"async\" draggable=\"false\" role=\"img\" class=\"emoji\" alt=\"\u2764\ufe0f\" src=\"https:\/\/s.w.org\/images\/core\/emoji\/13.1.0\/svg\/2764.svg\"><\/b><\/p>\t\t\t\t\t\t\t\t<\/div>\n\t\t\t\t<\/div>\n\t\t\t\t\t<\/div>\n\t\t<\/div>\n\t\t\t\t\t<\/div>\n\t\t<\/section>\n\t\t\t\t<\/div>","protected":false},"excerpt":{"rendered":"<p>\u00a1ENHORABUENA! \u00a1Est\u00e1s dentro! Te vemos MUY PRONTO en el webinar C\u00d3MO PREPARARTE PARA EL WEBINAR PARA APROVECHAR LOS 35 MINUTOS QUE DURA DE FORMA \u00d3PTIMA Cuando recibas el email ve a un lugar sin ruidos\u00a0 Piensa que en este d\u00eda no vamos a tocar temas burocr\u00e1ticos, rel\u00e1jate Prep\u00e1rate para descubrir salidas a emociones que te [&hellip;]<\/p>\n","protected":false},"author":1,"featured_media":0,"parent":0,"menu_order":0,"comment_status":"closed","ping_status":"closed","template":"","meta":{"_acf_changed":false,"site-sidebar-layout":"no-sidebar","site-content-layout":"page-builder","ast-site-content-layout":"","site-content-style":"default","site-sidebar-style":"default","ast-global-header-display":"","ast-banner-title-visibility":"","ast-main-header-display":"","ast-hfb-above-header-display":"","ast-hfb-below-header-display":"","ast-hfb-mobile-header-display":"","site-post-title":"disabled","ast-breadcrumbs-content":"disabled","ast-featured-img":"disabled","footer-sml-layout":"","theme-transparent-header-meta":"default","adv-header-id-meta":"","stick-header-meta":"","header-above-stick-meta":"","header-main-stick-meta":"","header-below-stick-meta":"","astra-migrate-meta-layouts":"default","ast-page-background-enabled":"default","ast-page-background-meta":{"desktop":{"background-color":"","background-image":"","background-repeat":"repeat","background-position":"center center","background-size":"auto","background-attachment":"scroll","background-type":"","background-media":"","overlay-type":"","overlay-color":"","overlay-opacity":"","overlay-gradient":""},"tablet":{"background-color":"","background-image":"","background-repeat":"repeat","background-position":"center center","background-size":"auto","background-attachment":"scroll","background-type":"","background-media":"","overlay-type":"","overlay-color":"","overlay-opacity":"","overlay-gradient":""},"mobile":{"background-color":"","background-image":"","background-repeat":"repeat","background-position":"center center","background-size":"auto","background-attachment":"scroll","background-type":"","background-media":"","overlay-type":"","overlay-color":"","overlay-opacity":"","overlay-gradient":""}},"ast-content-background-meta":{"desktop":{"background-color":"var(--ast-global-color-5)","background-image":"","background-repeat":"repeat","background-position":"center center","background-size":"auto","background-attachment":"scroll","background-type":"","background-media":"","overlay-type":"","overlay-color":"","overlay-opacity":"","overlay-gradient":""},"tablet":{"background-color":"var(--ast-global-color-5)","background-image":"","background-repeat":"repeat","background-position":"center center","background-size":"auto","background-attachment":"scroll","background-type":"","background-media":"","overlay-type":"","overlay-color":"","overlay-opacity":"","overlay-gradient":""},"mobile":{"background-color":"var(--ast-global-color-5)","background-image":"","background-repeat":"repeat","background-position":"center center","background-size":"auto","background-attachment":"scroll","background-type":"","background-media":"","overlay-type":"","overlay-color":"","overlay-opacity":"","overlay-gradient":""}},"footnotes":""},"class_list":["post-4376","page","type-page","status-publish","hentry"],"acf":[],"yoast_head":"<!-- This site is optimized with the Yoast SEO plugin v27.4 - https:\/\/yoast.com\/product\/yoast-seo-wordpress\/ -->\n<title>\u00a1Enhorabuena est\u00e1s dentro! - Alberto Moya - Realtor<\/title>\n<meta name=\"robots\" content=\"index, follow, max-snippet:-1, max-image-preview:large, max-video-preview:-1\" \/>\n<link rel=\"canonical\" href=\"https:\/\/albermoya.com\/en\/congratulations-youre-in\/\" \/>\n<meta property=\"og:locale\" content=\"en_US\" \/>\n<meta property=\"og:type\" content=\"article\" \/>\n<meta property=\"og:title\" content=\"\u00a1Enhorabuena est\u00e1s dentro! - Alberto Moya - Realtor\" \/>\n<meta property=\"og:description\" content=\"\u00a1ENHORABUENA! \u00a1Est\u00e1s dentro! Te vemos MUY PRONTO en el webinar C\u00d3MO PREPARARTE PARA EL WEBINAR PARA APROVECHAR LOS 35 MINUTOS QUE DURA DE FORMA \u00d3PTIMA Cuando recibas el email ve a un lugar sin ruidos\u00a0 Piensa que en este d\u00eda no vamos a tocar temas burocr\u00e1ticos, rel\u00e1jate Prep\u00e1rate para descubrir salidas a emociones que te [&hellip;]\" \/>\n<meta property=\"og:url\" content=\"https:\/\/albermoya.com\/en\/congratulations-youre-in\/\" \/>\n<meta property=\"og:site_name\" content=\"Alberto Moya - Realtor\" \/>\n<meta property=\"article:publisher\" content=\"https:\/\/www.facebook.com\/albermoyavalley\/\" \/>\n<meta property=\"article:modified_time\" content=\"2023-07-18T18:49:36+00:00\" \/>\n<meta property=\"og:image\" content=\"https:\/\/s.w.org\/images\/core\/emoji\/13.1.0\/svg\/2764.svg\" \/>\n<meta name=\"twitter:card\" content=\"summary_large_image\" \/>\n<script type=\"application\/ld+json\" class=\"yoast-schema-graph\">{\"@context\":\"https:\\\/\\\/schema.org\",\"@graph\":[{\"@type\":\"WebPage\",\"@id\":\"https:\\\/\\\/albermoya.com\\\/enhorabuena-estas-dentro\\\/\",\"url\":\"https:\\\/\\\/albermoya.com\\\/enhorabuena-estas-dentro\\\/\",\"name\":\"\u00a1Enhorabuena est\u00e1s dentro! - Alberto Moya - Realtor\",\"isPartOf\":{\"@id\":\"https:\\\/\\\/albermoya.com\\\/#website\"},\"primaryImageOfPage\":{\"@id\":\"https:\\\/\\\/albermoya.com\\\/enhorabuena-estas-dentro\\\/#primaryimage\"},\"image\":{\"@id\":\"https:\\\/\\\/albermoya.com\\\/enhorabuena-estas-dentro\\\/#primaryimage\"},\"thumbnailUrl\":\"https:\\\/\\\/s.w.org\\\/images\\\/core\\\/emoji\\\/13.1.0\\\/svg\\\/2764.svg\",\"datePublished\":\"2022-01-21T21:36:57+00:00\",\"dateModified\":\"2023-07-18T18:49:36+00:00\",\"breadcrumb\":{\"@id\":\"https:\\\/\\\/albermoya.com\\\/enhorabuena-estas-dentro\\\/#breadcrumb\"},\"inLanguage\":\"en-US\",\"potentialAction\":[{\"@type\":\"ReadAction\",\"target\":[\"https:\\\/\\\/albermoya.com\\\/enhorabuena-estas-dentro\\\/\"]}]},{\"@type\":\"ImageObject\",\"inLanguage\":\"en-US\",\"@id\":\"https:\\\/\\\/albermoya.com\\\/enhorabuena-estas-dentro\\\/#primaryimage\",\"url\":\"https:\\\/\\\/s.w.org\\\/images\\\/core\\\/emoji\\\/13.1.0\\\/svg\\\/2764.svg\",\"contentUrl\":\"https:\\\/\\\/s.w.org\\\/images\\\/core\\\/emoji\\\/13.1.0\\\/svg\\\/2764.svg\"},{\"@type\":\"BreadcrumbList\",\"@id\":\"https:\\\/\\\/albermoya.com\\\/enhorabuena-estas-dentro\\\/#breadcrumb\",\"itemListElement\":[{\"@type\":\"ListItem\",\"position\":1,\"name\":\"Portada\",\"item\":\"https:\\\/\\\/albermoya.com\\\/\"},{\"@type\":\"ListItem\",\"position\":2,\"name\":\"\u00a1Enhorabuena est\u00e1s dentro!\"}]},{\"@type\":\"WebSite\",\"@id\":\"https:\\\/\\\/albermoya.com\\\/#website\",\"url\":\"https:\\\/\\\/albermoya.com\\\/\",\"name\":\"Alberto Moya - Asesor\",\"description\":\"Realtor en Los Angeles. Servicios para ayudarte a comprar y vender casa en Los \u00c1ngeles.\",\"publisher\":{\"@id\":\"https:\\\/\\\/albermoya.com\\\/#\\\/schema\\\/person\\\/9ff661a570c78114c2b0e236c968b579\"},\"potentialAction\":[{\"@type\":\"SearchAction\",\"target\":{\"@type\":\"EntryPoint\",\"urlTemplate\":\"https:\\\/\\\/albermoya.com\\\/?s={search_term_string}\"},\"query-input\":{\"@type\":\"PropertyValueSpecification\",\"valueRequired\":true,\"valueName\":\"search_term_string\"}}],\"inLanguage\":\"en-US\"},{\"@type\":[\"Person\",\"Organization\"],\"@id\":\"https:\\\/\\\/albermoya.com\\\/#\\\/schema\\\/person\\\/9ff661a570c78114c2b0e236c968b579\",\"name\":\"Alber\",\"image\":{\"@type\":\"ImageObject\",\"inLanguage\":\"en-US\",\"@id\":\"https:\\\/\\\/albermoya.com\\\/wp-content\\\/uploads\\\/2021\\\/06\\\/logo_alber_moya-02.png\",\"url\":\"https:\\\/\\\/albermoya.com\\\/wp-content\\\/uploads\\\/2021\\\/06\\\/logo_alber_moya-02.png\",\"contentUrl\":\"https:\\\/\\\/albermoya.com\\\/wp-content\\\/uploads\\\/2021\\\/06\\\/logo_alber_moya-02.png\",\"width\":568,\"height\":254,\"caption\":\"Alber\"},\"logo\":{\"@id\":\"https:\\\/\\\/albermoya.com\\\/wp-content\\\/uploads\\\/2021\\\/06\\\/logo_alber_moya-02.png\"},\"sameAs\":[\"https:\\\/\\\/albermoya.com\\\/\",\"https:\\\/\\\/www.facebook.com\\\/albermoyavalley\\\/\",\"https:\\\/\\\/www.instagram.com\\\/albermoyarealtor\\\/\",\"https:\\\/\\\/www.linkedin.com\\\/in\\\/albermoya\",\"https:\\\/\\\/www.youtube.com\\\/channel\\\/UCmJjMB11OCAiJ3c8phJLgoQ\"]}]}<\/script>\n<!-- \/ Yoast SEO plugin. -->","yoast_head_json":{"title":"Congratulations, you&#039;re in! - Alberto Moya - Realtor","robots":{"index":"index","follow":"follow","max-snippet":"max-snippet:-1","max-image-preview":"max-image-preview:large","max-video-preview":"max-video-preview:-1"},"canonical":"https:\/\/albermoya.com\/en\/congratulations-youre-in\/","og_locale":"en_US","og_type":"article","og_title":"\u00a1Enhorabuena est\u00e1s dentro! - Alberto Moya - Realtor","og_description":"\u00a1ENHORABUENA! \u00a1Est\u00e1s dentro! Te vemos MUY PRONTO en el webinar C\u00d3MO PREPARARTE PARA EL WEBINAR PARA APROVECHAR LOS 35 MINUTOS QUE DURA DE FORMA \u00d3PTIMA Cuando recibas el email ve a un lugar sin ruidos\u00a0 Piensa que en este d\u00eda no vamos a tocar temas burocr\u00e1ticos, rel\u00e1jate Prep\u00e1rate para descubrir salidas a emociones que te [&hellip;]","og_url":"https:\/\/albermoya.com\/en\/congratulations-youre-in\/","og_site_name":"Alberto Moya - Realtor","article_publisher":"https:\/\/www.facebook.com\/albermoyavalley\/","article_modified_time":"2023-07-18T18:49:36+00:00","og_image":[{"url":"https:\/\/s.w.org\/images\/core\/emoji\/13.1.0\/svg\/2764.svg","type":"","width":"","height":""}],"twitter_card":"summary_large_image","schema":{"@context":"https:\/\/schema.org","@graph":[{"@type":"WebPage","@id":"https:\/\/albermoya.com\/enhorabuena-estas-dentro\/","url":"https:\/\/albermoya.com\/enhorabuena-estas-dentro\/","name":"Congratulations, you&#039;re in! - Alberto Moya - Realtor","isPartOf":{"@id":"https:\/\/albermoya.com\/#website"},"primaryImageOfPage":{"@id":"https:\/\/albermoya.com\/enhorabuena-estas-dentro\/#primaryimage"},"image":{"@id":"https:\/\/albermoya.com\/enhorabuena-estas-dentro\/#primaryimage"},"thumbnailUrl":"https:\/\/s.w.org\/images\/core\/emoji\/13.1.0\/svg\/2764.svg","datePublished":"2022-01-21T21:36:57+00:00","dateModified":"2023-07-18T18:49:36+00:00","breadcrumb":{"@id":"https:\/\/albermoya.com\/enhorabuena-estas-dentro\/#breadcrumb"},"inLanguage":"en-US","potentialAction":[{"@type":"ReadAction","target":["https:\/\/albermoya.com\/enhorabuena-estas-dentro\/"]}]},{"@type":"ImageObject","inLanguage":"en-US","@id":"https:\/\/albermoya.com\/enhorabuena-estas-dentro\/#primaryimage","url":"https:\/\/s.w.org\/images\/core\/emoji\/13.1.0\/svg\/2764.svg","contentUrl":"https:\/\/s.w.org\/images\/core\/emoji\/13.1.0\/svg\/2764.svg"},{"@type":"BreadcrumbList","@id":"https:\/\/albermoya.com\/enhorabuena-estas-dentro\/#breadcrumb","itemListElement":[{"@type":"ListItem","position":1,"name":"Portada","item":"https:\/\/albermoya.com\/"},{"@type":"ListItem","position":2,"name":"\u00a1Enhorabuena est\u00e1s dentro!"}]},{"@type":"WebSite","@id":"https:\/\/albermoya.com\/#website","url":"https:\/\/albermoya.com\/","name":"Alberto Moya - Advisor","description":"Realtor in Los Angeles. Services to help you buy and sell a home in Los Angeles.","publisher":{"@id":"https:\/\/albermoya.com\/#\/schema\/person\/9ff661a570c78114c2b0e236c968b579"},"potentialAction":[{"@type":"SearchAction","target":{"@type":"EntryPoint","urlTemplate":"https:\/\/albermoya.com\/?s={search_term_string}"},"query-input":{"@type":"PropertyValueSpecification","valueRequired":true,"valueName":"search_term_string"}}],"inLanguage":"en-US"},{"@type":["Person","Organization"],"@id":"https:\/\/albermoya.com\/#\/schema\/person\/9ff661a570c78114c2b0e236c968b579","name":"Alber","image":{"@type":"ImageObject","inLanguage":"en-US","@id":"https:\/\/albermoya.com\/wp-content\/uploads\/2021\/06\/logo_alber_moya-02.png","url":"https:\/\/albermoya.com\/wp-content\/uploads\/2021\/06\/logo_alber_moya-02.png","contentUrl":"https:\/\/albermoya.com\/wp-content\/uploads\/2021\/06\/logo_alber_moya-02.png","width":568,"height":254,"caption":"Alber"},"logo":{"@id":"https:\/\/albermoya.com\/wp-content\/uploads\/2021\/06\/logo_alber_moya-02.png"},"sameAs":["https:\/\/albermoya.com\/","https:\/\/www.facebook.com\/albermoyavalley\/","https:\/\/www.instagram.com\/albermoyarealtor\/","https:\/\/www.linkedin.com\/in\/albermoya","https:\/\/www.youtube.com\/channel\/UCmJjMB11OCAiJ3c8phJLgoQ"]}]}},"_links":{"self":[{"href":"https:\/\/albermoya.com\/en\/wp-json\/wp\/v2\/pages\/4376","targetHints":{"allow":["GET"]}}],"collection":[{"href":"https:\/\/albermoya.com\/en\/wp-json\/wp\/v2\/pages"}],"about":[{"href":"https:\/\/albermoya.com\/en\/wp-json\/wp\/v2\/types\/page"}],"author":[{"embeddable":true,"href":"https:\/\/albermoya.com\/en\/wp-json\/wp\/v2\/users\/1"}],"replies":[{"embeddable":true,"href":"https:\/\/albermoya.com\/en\/wp-json\/wp\/v2\/comments?post=4376"}],"version-history":[{"count":3,"href":"https:\/\/albermoya.com\/en\/wp-json\/wp\/v2\/pages\/4376\/revisions"}],"predecessor-version":[{"id":5430,"href":"https:\/\/albermoya.com\/en\/wp-json\/wp\/v2\/pages\/4376\/revisions\/5430"}],"wp:attachment":[{"href":"https:\/\/albermoya.com\/en\/wp-json\/wp\/v2\/media?parent=4376"}],"curies":[{"name":"wp","href":"https:\/\/api.w.org\/{rel}","templated":true}]}}