{"id":5583,"date":"2023-07-19T21:16:12","date_gmt":"2023-07-19T19:16:12","guid":{"rendered":"https:\/\/albermoya.com\/?page_id=5583"},"modified":"2025-02-03T19:35:44","modified_gmt":"2025-02-03T18:35:44","slug":"contact","status":"publish","type":"page","link":"https:\/\/albermoya.com\/en\/contact\/","title":{"rendered":"Contact"},"content":{"rendered":"\t\t<div data-elementor-type=\"wp-page\" data-elementor-id=\"5583\" class=\"elementor elementor-5583\" data-elementor-post-type=\"page\">\n\t\t\t\t\t\t<section class=\"elementor-section elementor-top-section elementor-element elementor-element-ce8f281 elementor-section-height-min-height elementor-section-boxed elementor-section-height-default elementor-section-items-middle\" data-id=\"ce8f281\" data-element_type=\"section\" data-e-type=\"section\" data-settings=\"{&quot;background_background&quot;:&quot;classic&quot;,&quot;jet_parallax_layout_list&quot;:[]}\">\n\t\t\t\t\t\t\t<div class=\"elementor-background-overlay\"><\/div>\n\t\t\t\t\t\t\t<div class=\"elementor-container elementor-column-gap-default\">\n\t\t\t\t\t<div class=\"elementor-column elementor-col-100 elementor-top-column elementor-element elementor-element-1578dbd\" data-id=\"1578dbd\" data-element_type=\"column\" data-e-type=\"column\">\n\t\t\t<div class=\"elementor-widget-wrap elementor-element-populated\">\n\t\t\t\t\t\t<div class=\"elementor-element elementor-element-03e9d8d elementor-widget elementor-widget-heading\" data-id=\"03e9d8d\" data-element_type=\"widget\" data-e-type=\"widget\" data-widget_type=\"heading.default\">\n\t\t\t\t<div class=\"elementor-widget-container\">\n\t\t\t\t\t<h1 class=\"elementor-heading-title elementor-size-default\">Cont\u00e1ctame<\/h1>\t\t\t\t<\/div>\n\t\t\t\t<\/div>\n\t\t\t\t<div class=\"elementor-element elementor-element-d965e93 elementor-widget elementor-widget-text-editor\" data-id=\"d965e93\" data-element_type=\"widget\" data-e-type=\"widget\" data-widget_type=\"text-editor.default\">\n\t\t\t\t<div class=\"elementor-widget-container\">\n\t\t\t\t\t\t\t\t\t<p>\u00bfBuscas m\u00e1s informaci\u00f3n o tienes preguntas?<br \/>\u00a1Me encantar\u00eda saber de ti!<\/p>\t\t\t\t\t\t\t\t<\/div>\n\t\t\t\t<\/div>\n\t\t\t\t\t<\/div>\n\t\t<\/div>\n\t\t\t\t\t<\/div>\n\t\t<\/section>\n\t\t\t\t<section class=\"elementor-section elementor-top-section elementor-element elementor-element-6ae5267 elementor-reverse-mobile elementor-section-boxed elementor-section-height-default elementor-section-height-default\" data-id=\"6ae5267\" data-element_type=\"section\" data-e-type=\"section\" data-settings=\"{&quot;jet_parallax_layout_list&quot;:[]}\">\n\t\t\t\t\t\t<div class=\"elementor-container elementor-column-gap-default\">\n\t\t\t\t\t<div class=\"elementor-column elementor-col-50 elementor-top-column elementor-element elementor-element-4ee050a\" data-id=\"4ee050a\" data-element_type=\"column\" data-e-type=\"column\">\n\t\t\t<div class=\"elementor-widget-wrap elementor-element-populated\">\n\t\t\t\t\t\t<div class=\"elementor-element elementor-element-0bebfb7 elementor-widget elementor-widget-heading\" data-id=\"0bebfb7\" data-element_type=\"widget\" data-e-type=\"widget\" data-widget_type=\"heading.default\">\n\t\t\t\t<div class=\"elementor-widget-container\">\n\t\t\t\t\t<h2 class=\"elementor-heading-title elementor-size-default\">Env\u00edame un E-mail<\/h2>\t\t\t\t<\/div>\n\t\t\t\t<\/div>\n\t\t\t\t<div class=\"elementor-element elementor-element-b822772 elementor-widget elementor-widget-text-editor\" data-id=\"b822772\" data-element_type=\"widget\" data-e-type=\"widget\" data-widget_type=\"text-editor.default\">\n\t\t\t\t<div class=\"elementor-widget-container\">\n\t\t\t\t\t\t\t\t\t<p>Usa el formulario a continuaci\u00f3n para enviarme tus preguntas por correo electr\u00f3nico o tambi\u00e9n puedes escribirme a info@albermoya.com<br \/><span style=\"font-style: inherit; font-weight: inherit; color: var( --e-global-color-text );\">Me comunicar\u00e9 contigo lo m\u00e1s r\u00e1pido posible.<\/span><\/p>\t\t\t\t\t\t\t\t<\/div>\n\t\t\t\t<\/div>\n\t\t\t\t<div class=\"elementor-element elementor-element-63cd917 elementor-widget elementor-widget-heading\" data-id=\"63cd917\" data-element_type=\"widget\" data-e-type=\"widget\" data-widget_type=\"heading.default\">\n\t\t\t\t<div class=\"elementor-widget-container\">\n\t\t\t\t\t<h2 class=\"elementor-heading-title elementor-size-default\">Contacto<\/h2>\t\t\t\t<\/div>\n\t\t\t\t<\/div>\n\t\t\t\t<div class=\"elementor-element elementor-element-cd99d95 elementor-widget elementor-widget-wpforms\" data-id=\"cd99d95\" data-element_type=\"widget\" data-e-type=\"widget\" data-widget_type=\"wpforms.default\">\n\t\t\t\t<div class=\"elementor-widget-container\">\n\t\t\t\t\t<style id=\"wpforms-css-vars-elementor-widget-cd99d95\">\n\t\t\t\t.elementor-widget-wpforms.elementor-element-cd99d95 {\n\t\t\t\t--wpforms-button-background-color: #D3B122;\n--wpforms-button-size-font-size: 20px;\n--wpforms-button-size-height: 48px;\n--wpforms-button-size-padding-h: 20px;\n--wpforms-button-size-margin-top: 15px;\n\t\t\t}\n\t\t\t<\/style><div class=\"wpforms-container wpforms-container-full wpforms-render-modern\" id=\"wpforms-9859\"><form id=\"wpforms-form-9859\" class=\"wpforms-validate wpforms-form wpforms-ajax-form\" data-formid=\"9859\" method=\"post\" enctype=\"multipart\/form-data\" action=\"\/en\/wp-json\/wp\/v2\/pages\/5583\" data-token=\"bdb14f044453aaec59fa2bc88a48037e\" data-token-time=\"1775397316\"><noscript class=\"wpforms-error-noscript\">Please enable JavaScript in your browser to complete this form.<\/noscript><div id=\"wpforms-error-noscript\" style=\"display: none;\">Please enable JavaScript in your browser to complete this form.<\/div><div class=\"wpforms-field-container\"><div id=\"wpforms-9859-field_1-container\" class=\"wpforms-field wpforms-field-name\" data-field-id=\"1\"><label class=\"wpforms-field-label\" for=\"wpforms-9859-field_1\">Nombre <span class=\"wpforms-required-label\" aria-hidden=\"true\">*<\/span><\/label><input type=\"text\" id=\"wpforms-9859-field_1\" class=\"wpforms-field-medium wpforms-field-required\" name=\"wpforms[fields][1]\" aria-errormessage=\"wpforms-9859-field_1-error\" required><\/div>\t\t<div id=\"wpforms-9859-field_3-container\"\n\t\t\tclass=\"wpforms-field wpforms-field-text\"\n\t\t\tdata-field-type=\"text\"\n\t\t\tdata-field-id=\"3\"\n\t\t\t>\n\t\t\t<label class=\"wpforms-field-label\" for=\"wpforms-9859-field_3\" >Nombre Mensaje Tel\u00e9fono<\/label>\n\t\t\t<input type=\"text\" id=\"wpforms-9859-field_3\" class=\"wpforms-field-medium\" name=\"wpforms[fields][3]\" >\n\t\t<\/div>\n\t\t<div id=\"wpforms-9859-field_2-container\" class=\"wpforms-field wpforms-field-text\" data-field-id=\"2\"><label class=\"wpforms-field-label\" for=\"wpforms-9859-field_2\">Email <span class=\"wpforms-required-label\" aria-hidden=\"true\">*<\/span><\/label><input type=\"text\" id=\"wpforms-9859-field_2\" class=\"wpforms-field-medium wpforms-field-required\" name=\"wpforms[fields][2]\" aria-errormessage=\"wpforms-9859-field_2-error\" required><\/div><div id=\"wpforms-9859-field_4-container\" class=\"wpforms-field wpforms-field-text\" data-field-id=\"4\"><label class=\"wpforms-field-label\" for=\"wpforms-9859-field_4\">Tel\u00e9fono <span class=\"wpforms-required-label\" aria-hidden=\"true\">*<\/span><\/label><input type=\"text\" id=\"wpforms-9859-field_4\" class=\"wpforms-field-medium wpforms-field-required\" name=\"wpforms[fields][4]\" aria-errormessage=\"wpforms-9859-field_4-error\" required><\/div><div id=\"wpforms-9859-field_6-container\" class=\"wpforms-field wpforms-field-textarea\" data-field-id=\"6\"><label class=\"wpforms-field-label\" for=\"wpforms-9859-field_6\">Mensaje <span class=\"wpforms-required-label\" aria-hidden=\"true\">*<\/span><\/label><textarea id=\"wpforms-9859-field_6\" class=\"wpforms-field-medium wpforms-field-required\" name=\"wpforms[fields][6]\" aria-errormessage=\"wpforms-9859-field_6-error\" required><\/textarea><\/div><script>\n\t\t\t\t( function() {\n\t\t\t\t\tconst style = document.createElement( 'style' );\n\t\t\t\t\tstyle.appendChild( document.createTextNode( '#wpforms-9859-field_3-container { position: absolute !important; overflow: hidden !important; display: inline !important; height: 1px !important; width: 1px !important; z-index: -1000 !important; padding: 0 !important; } #wpforms-9859-field_3-container input { visibility: hidden; } #wpforms-conversational-form-page #wpforms-9859-field_3-container label { counter-increment: none; }' ) );\n\t\t\t\t\tdocument.head.appendChild( style );\n\t\t\t\t\tdocument.currentScript?.remove();\n\t\t\t\t} )();\n\t\t\t<\/script><\/div><!-- .wpforms-field-container --><div class=\"wpforms-recaptcha-container wpforms-is-recaptcha wpforms-is-recaptcha-type-v3\" ><input type=\"hidden\" name=\"wpforms[recaptcha]\" value=\"\"><\/div><div class=\"wpforms-submit-container\" ><input type=\"hidden\" name=\"wpforms[id]\" value=\"9859\"><input type=\"hidden\" name=\"page_title\" value=\"\"><input type=\"hidden\" name=\"page_url\" value=\"https:\/\/albermoya.com\/en\/wp-json\/wp\/v2\/pages\/5583\"><input type=\"hidden\" name=\"url_referer\" value=\"\"><button type=\"submit\" name=\"wpforms[submit]\" id=\"wpforms-submit-9859\" class=\"wpforms-submit\" data-alt-text=\"Enviando...\" data-submit-text=\"Enviar\" aria-live=\"assertive\" value=\"wpforms-submit\">Enviar<\/button><img decoding=\"async\" src=\"https:\/\/albermoya.com\/wp-content\/plugins\/wpforms-lite\/assets\/images\/submit-spin.svg\" class=\"wpforms-submit-spinner\" style=\"display: none;\" width=\"26\" height=\"26\" alt=\"Loading\"><\/div><\/form><\/div>  <!-- .wpforms-container -->\t\t\t\t<\/div>\n\t\t\t\t<\/div>\n\t\t\t\t\t<\/div>\n\t\t<\/div>\n\t\t\t\t<div class=\"elementor-column elementor-col-50 elementor-top-column elementor-element elementor-element-fa9f4fb\" data-id=\"fa9f4fb\" data-element_type=\"column\" data-e-type=\"column\">\n\t\t\t<div class=\"elementor-widget-wrap elementor-element-populated\">\n\t\t\t\t\t\t<div class=\"elementor-element elementor-element-6415f05 elementor-widget elementor-widget-heading\" data-id=\"6415f05\" data-element_type=\"widget\" data-e-type=\"widget\" data-widget_type=\"heading.default\">\n\t\t\t\t<div class=\"elementor-widget-container\">\n\t\t\t\t\t<h2 class=\"elementor-heading-title elementor-size-default\">Agenda una cita<\/h2>\t\t\t\t<\/div>\n\t\t\t\t<\/div>\n\t\t\t\t<div class=\"elementor-element elementor-element-84ac777 elementor-widget elementor-widget-text-editor\" data-id=\"84ac777\" data-element_type=\"widget\" data-e-type=\"widget\" data-widget_type=\"text-editor.default\">\n\t\t\t\t<div class=\"elementor-widget-container\">\n\t\t\t\t\t\t\t\t\t<p>Prefieres directamente reunirte conmigo en nuestra oficina en: <br \/><a href=\"https:\/\/maps.app.goo.gl\/u7W5bqHCMa4csV4u6\" target=\"_blank\" rel=\"noopener\">14242 Ventura Boulevard Ste 100 Los Angeles, CA, 91423<\/a>? <br \/>Programa una cita para preparar tu estrategia de compra\/venta de tu propiedad en Los \u00c1ngeles.<\/p>\t\t\t\t\t\t\t\t<\/div>\n\t\t\t\t<\/div>\n\t\t\t\t<div class=\"elementor-element elementor-element-0dcdf77 elementor-widget elementor-widget-html\" data-id=\"0dcdf77\" data-element_type=\"widget\" data-e-type=\"widget\" data-widget_type=\"html.default\">\n\t\t\t\t<div class=\"elementor-widget-container\">\n\t\t\t\t\t<!-- Calendly inline widget begin -->\n<div class=\"calendly-inline-widget\" data-url=\"https:\/\/calendly.com\/alber-moya\/30min?primary_color=ffc300\" style=\"min-width:320px;height:700px;\"><\/div>\n<script type=\"text\/javascript\" src=\"https:\/\/assets.calendly.com\/assets\/external\/widget.js\" async><\/script>\n<!-- Calendly inline widget end -->\t\t\t\t<\/div>\n\t\t\t\t<\/div>\n\t\t\t\t\t<\/div>\n\t\t<\/div>\n\t\t\t\t\t<\/div>\n\t\t<\/section>\n\t\t\t\t<\/div>\n\t\t","protected":false},"excerpt":{"rendered":"<p>Cont\u00e1ctame \u00bfBuscas m\u00e1s informaci\u00f3n o tienes preguntas?\u00a1Me encantar\u00eda saber de ti! Env\u00edame un E-mail Usa el formulario a continuaci\u00f3n para enviarme tus preguntas por correo electr\u00f3nico o tambi\u00e9n puedes escribirme a info@albermoya.comMe comunicar\u00e9 contigo lo m\u00e1s r\u00e1pido posible. Contacto Por favor, activa JavaScript en tu navegador para completar este formulario.Por favor, activa JavaScript en tu [&hellip;]<\/p>\n","protected":false},"author":219,"featured_media":9198,"parent":0,"menu_order":0,"comment_status":"closed","ping_status":"closed","template":"","meta":{"_acf_changed":false,"site-sidebar-layout":"no-sidebar","site-content-layout":"page-builder","ast-site-content-layout":"full-width-container","site-content-style":"unboxed","site-sidebar-style":"unboxed","ast-global-header-display":"","ast-banner-title-visibility":"","ast-main-header-display":"","ast-hfb-above-header-display":"","ast-hfb-below-header-display":"","ast-hfb-mobile-header-display":"","site-post-title":"disabled","ast-breadcrumbs-content":"","ast-featured-img":"disabled","footer-sml-layout":"","theme-transparent-header-meta":"default","adv-header-id-meta":"","stick-header-meta":"","header-above-stick-meta":"","header-main-stick-meta":"","header-below-stick-meta":"","astra-migrate-meta-layouts":"set","ast-page-background-enabled":"default","ast-page-background-meta":{"desktop":{"background-color":"","background-image":"","background-repeat":"repeat","background-position":"center center","background-size":"auto","background-attachment":"scroll","background-type":"","background-media":"","overlay-type":"","overlay-color":"","overlay-opacity":"","overlay-gradient":""},"tablet":{"background-color":"","background-image":"","background-repeat":"repeat","background-position":"center center","background-size":"auto","background-attachment":"scroll","background-type":"","background-media":"","overlay-type":"","overlay-color":"","overlay-opacity":"","overlay-gradient":""},"mobile":{"background-color":"","background-image":"","background-repeat":"repeat","background-position":"center center","background-size":"auto","background-attachment":"scroll","background-type":"","background-media":"","overlay-type":"","overlay-color":"","overlay-opacity":"","overlay-gradient":""}},"ast-content-background-meta":{"desktop":{"background-color":"var(--ast-global-color-5)","background-image":"","background-repeat":"repeat","background-position":"center center","background-size":"auto","background-attachment":"scroll","background-type":"","background-media":"","overlay-type":"","overlay-color":"","overlay-opacity":"","overlay-gradient":""},"tablet":{"background-color":"var(--ast-global-color-5)","background-image":"","background-repeat":"repeat","background-position":"center center","background-size":"auto","background-attachment":"scroll","background-type":"","background-media":"","overlay-type":"","overlay-color":"","overlay-opacity":"","overlay-gradient":""},"mobile":{"background-color":"var(--ast-global-color-5)","background-image":"","background-repeat":"repeat","background-position":"center center","background-size":"auto","background-attachment":"scroll","background-type":"","background-media":"","overlay-type":"","overlay-color":"","overlay-opacity":"","overlay-gradient":""}},"footnotes":""},"class_list":["post-5583","page","type-page","status-publish","has-post-thumbnail","hentry"],"acf":[],"yoast_head":"<!-- This site is optimized with the Yoast SEO plugin v27.3 - https:\/\/yoast.com\/product\/yoast-seo-wordpress\/ -->\n<title>Contacto | Alber Moya - Tu Realtor en Los \u00c1ngeles<\/title>\n<meta name=\"description\" content=\"\u00bfListo para comprar, vender o invertir en Los \u00c1ngeles y San Fernando Valley? Cont\u00e1ctame hoy para una consulta personalizada. Como experto en bienes ra\u00edces, estoy aqu\u00ed para ayudarte en cada paso del camino. \u00a1La compra de tu casa est\u00e1 m\u00e1s cerca de lo que crees!\" \/>\n<meta name=\"robots\" content=\"index, follow, max-snippet:-1, max-image-preview:large, max-video-preview:-1\" \/>\n<link rel=\"canonical\" href=\"https:\/\/albermoya.com\/en\/contact\/\" \/>\n<meta property=\"og:locale\" content=\"en_US\" \/>\n<meta property=\"og:type\" content=\"article\" \/>\n<meta property=\"og:title\" content=\"Contacto | Alber Moya - Tu Realtor en Los \u00c1ngeles\" \/>\n<meta property=\"og:description\" content=\"\u00bfListo para comprar, vender o invertir en Los \u00c1ngeles y San Fernando Valley? Cont\u00e1ctame hoy para una consulta personalizada. Como experto en bienes ra\u00edces, estoy aqu\u00ed para ayudarte en cada paso del camino. \u00a1La compra de tu casa est\u00e1 m\u00e1s cerca de lo que crees!\" \/>\n<meta property=\"og:url\" content=\"https:\/\/albermoya.com\/en\/contact\/\" \/>\n<meta property=\"og:site_name\" content=\"Alberto Moya - Realtor\" \/>\n<meta property=\"article:publisher\" content=\"https:\/\/www.facebook.com\/albermoyavalley\/\" \/>\n<meta property=\"article:modified_time\" content=\"2025-02-03T18:35:44+00:00\" \/>\n<meta property=\"og:image\" content=\"https:\/\/albermoya.com\/wp-content\/uploads\/2024\/12\/11815e03-2061-4175-86d5-675ce45bbb76.jpg\" \/>\n\t<meta property=\"og:image:width\" content=\"1080\" \/>\n\t<meta property=\"og:image:height\" content=\"1080\" \/>\n\t<meta property=\"og:image:type\" content=\"image\/jpeg\" \/>\n<meta name=\"twitter:card\" content=\"summary_large_image\" \/>\n<script type=\"application\/ld+json\" class=\"yoast-schema-graph\">{\"@context\":\"https:\\\/\\\/schema.org\",\"@graph\":[{\"@type\":\"WebPage\",\"@id\":\"https:\\\/\\\/albermoya.com\\\/contacto\\\/\",\"url\":\"https:\\\/\\\/albermoya.com\\\/contacto\\\/\",\"name\":\"Contacto | Alber Moya - Tu Realtor en Los \u00c1ngeles\",\"isPartOf\":{\"@id\":\"https:\\\/\\\/albermoya.com\\\/#website\"},\"primaryImageOfPage\":{\"@id\":\"https:\\\/\\\/albermoya.com\\\/contacto\\\/#primaryimage\"},\"image\":{\"@id\":\"https:\\\/\\\/albermoya.com\\\/contacto\\\/#primaryimage\"},\"thumbnailUrl\":\"https:\\\/\\\/albermoya.com\\\/wp-content\\\/uploads\\\/2024\\\/12\\\/11815e03-2061-4175-86d5-675ce45bbb76.jpg\",\"datePublished\":\"2023-07-19T19:16:12+00:00\",\"dateModified\":\"2025-02-03T18:35:44+00:00\",\"description\":\"\u00bfListo para comprar, vender o invertir en Los \u00c1ngeles y San Fernando Valley? Cont\u00e1ctame hoy para una consulta personalizada. Como experto en bienes ra\u00edces, estoy aqu\u00ed para ayudarte en cada paso del camino. \u00a1La compra de tu casa est\u00e1 m\u00e1s cerca de lo que crees!\",\"breadcrumb\":{\"@id\":\"https:\\\/\\\/albermoya.com\\\/contacto\\\/#breadcrumb\"},\"inLanguage\":\"en-US\",\"potentialAction\":[{\"@type\":\"ReadAction\",\"target\":[\"https:\\\/\\\/albermoya.com\\\/contacto\\\/\"]}]},{\"@type\":\"ImageObject\",\"inLanguage\":\"en-US\",\"@id\":\"https:\\\/\\\/albermoya.com\\\/contacto\\\/#primaryimage\",\"url\":\"https:\\\/\\\/albermoya.com\\\/wp-content\\\/uploads\\\/2024\\\/12\\\/11815e03-2061-4175-86d5-675ce45bbb76.jpg\",\"contentUrl\":\"https:\\\/\\\/albermoya.com\\\/wp-content\\\/uploads\\\/2024\\\/12\\\/11815e03-2061-4175-86d5-675ce45bbb76.jpg\",\"width\":1080,\"height\":1080},{\"@type\":\"BreadcrumbList\",\"@id\":\"https:\\\/\\\/albermoya.com\\\/contacto\\\/#breadcrumb\",\"itemListElement\":[{\"@type\":\"ListItem\",\"position\":1,\"name\":\"Portada\",\"item\":\"https:\\\/\\\/albermoya.com\\\/\"},{\"@type\":\"ListItem\",\"position\":2,\"name\":\"Contacto\"}]},{\"@type\":\"WebSite\",\"@id\":\"https:\\\/\\\/albermoya.com\\\/#website\",\"url\":\"https:\\\/\\\/albermoya.com\\\/\",\"name\":\"Alberto Moya - Asesor\",\"description\":\"Realtor en Los Angeles. Servicios para ayudarte a comprar y vender casa en Los \u00c1ngeles.\",\"publisher\":{\"@id\":\"https:\\\/\\\/albermoya.com\\\/#\\\/schema\\\/person\\\/9ff661a570c78114c2b0e236c968b579\"},\"potentialAction\":[{\"@type\":\"SearchAction\",\"target\":{\"@type\":\"EntryPoint\",\"urlTemplate\":\"https:\\\/\\\/albermoya.com\\\/?s={search_term_string}\"},\"query-input\":{\"@type\":\"PropertyValueSpecification\",\"valueRequired\":true,\"valueName\":\"search_term_string\"}}],\"inLanguage\":\"en-US\"},{\"@type\":[\"Person\",\"Organization\"],\"@id\":\"https:\\\/\\\/albermoya.com\\\/#\\\/schema\\\/person\\\/9ff661a570c78114c2b0e236c968b579\",\"name\":\"Alber\",\"image\":{\"@type\":\"ImageObject\",\"inLanguage\":\"en-US\",\"@id\":\"https:\\\/\\\/albermoya.com\\\/wp-content\\\/uploads\\\/2021\\\/06\\\/logo_alber_moya-02.png\",\"url\":\"https:\\\/\\\/albermoya.com\\\/wp-content\\\/uploads\\\/2021\\\/06\\\/logo_alber_moya-02.png\",\"contentUrl\":\"https:\\\/\\\/albermoya.com\\\/wp-content\\\/uploads\\\/2021\\\/06\\\/logo_alber_moya-02.png\",\"width\":568,\"height\":254,\"caption\":\"Alber\"},\"logo\":{\"@id\":\"https:\\\/\\\/albermoya.com\\\/wp-content\\\/uploads\\\/2021\\\/06\\\/logo_alber_moya-02.png\"},\"sameAs\":[\"https:\\\/\\\/albermoya.com\\\/\",\"https:\\\/\\\/www.facebook.com\\\/albermoyavalley\\\/\",\"https:\\\/\\\/www.instagram.com\\\/albermoyarealtor\\\/\",\"https:\\\/\\\/www.linkedin.com\\\/in\\\/albermoya\",\"https:\\\/\\\/www.youtube.com\\\/channel\\\/UCmJjMB11OCAiJ3c8phJLgoQ\"]}]}<\/script>\n<!-- \/ Yoast SEO plugin. -->","yoast_head_json":{"title":"Contact | Alber Moya - Your Realtor in Los Angeles","description":"Ready to buy, sell or invest in Los Angeles and San Fernando Valley? Contact me today for a personalized consultation. As a real estate expert, I am here to help you every step of the way. Buying your home is closer than you think!","robots":{"index":"index","follow":"follow","max-snippet":"max-snippet:-1","max-image-preview":"max-image-preview:large","max-video-preview":"max-video-preview:-1"},"canonical":"https:\/\/albermoya.com\/en\/contact\/","og_locale":"en_US","og_type":"article","og_title":"Contacto | Alber Moya - Tu Realtor en Los \u00c1ngeles","og_description":"\u00bfListo para comprar, vender o invertir en Los \u00c1ngeles y San Fernando Valley? Cont\u00e1ctame hoy para una consulta personalizada. Como experto en bienes ra\u00edces, estoy aqu\u00ed para ayudarte en cada paso del camino. \u00a1La compra de tu casa est\u00e1 m\u00e1s cerca de lo que crees!","og_url":"https:\/\/albermoya.com\/en\/contact\/","og_site_name":"Alberto Moya - Realtor","article_publisher":"https:\/\/www.facebook.com\/albermoyavalley\/","article_modified_time":"2025-02-03T18:35:44+00:00","og_image":[{"width":1080,"height":1080,"url":"https:\/\/albermoya.com\/wp-content\/uploads\/2024\/12\/11815e03-2061-4175-86d5-675ce45bbb76.jpg","type":"image\/jpeg"}],"twitter_card":"summary_large_image","schema":{"@context":"https:\/\/schema.org","@graph":[{"@type":"WebPage","@id":"https:\/\/albermoya.com\/contacto\/","url":"https:\/\/albermoya.com\/contacto\/","name":"Contact | Alber Moya - Your Realtor in Los Angeles","isPartOf":{"@id":"https:\/\/albermoya.com\/#website"},"primaryImageOfPage":{"@id":"https:\/\/albermoya.com\/contacto\/#primaryimage"},"image":{"@id":"https:\/\/albermoya.com\/contacto\/#primaryimage"},"thumbnailUrl":"https:\/\/albermoya.com\/wp-content\/uploads\/2024\/12\/11815e03-2061-4175-86d5-675ce45bbb76.jpg","datePublished":"2023-07-19T19:16:12+00:00","dateModified":"2025-02-03T18:35:44+00:00","description":"Ready to buy, sell or invest in Los Angeles and San Fernando Valley? Contact me today for a personalized consultation. As a real estate expert, I am here to help you every step of the way. Buying your home is closer than you think!","breadcrumb":{"@id":"https:\/\/albermoya.com\/contacto\/#breadcrumb"},"inLanguage":"en-US","potentialAction":[{"@type":"ReadAction","target":["https:\/\/albermoya.com\/contacto\/"]}]},{"@type":"ImageObject","inLanguage":"en-US","@id":"https:\/\/albermoya.com\/contacto\/#primaryimage","url":"https:\/\/albermoya.com\/wp-content\/uploads\/2024\/12\/11815e03-2061-4175-86d5-675ce45bbb76.jpg","contentUrl":"https:\/\/albermoya.com\/wp-content\/uploads\/2024\/12\/11815e03-2061-4175-86d5-675ce45bbb76.jpg","width":1080,"height":1080},{"@type":"BreadcrumbList","@id":"https:\/\/albermoya.com\/contacto\/#breadcrumb","itemListElement":[{"@type":"ListItem","position":1,"name":"Portada","item":"https:\/\/albermoya.com\/"},{"@type":"ListItem","position":2,"name":"Contacto"}]},{"@type":"WebSite","@id":"https:\/\/albermoya.com\/#website","url":"https:\/\/albermoya.com\/","name":"Alberto Moya - Advisor","description":"Realtor in Los Angeles. Services to help you buy and sell a home in Los Angeles.","publisher":{"@id":"https:\/\/albermoya.com\/#\/schema\/person\/9ff661a570c78114c2b0e236c968b579"},"potentialAction":[{"@type":"SearchAction","target":{"@type":"EntryPoint","urlTemplate":"https:\/\/albermoya.com\/?s={search_term_string}"},"query-input":{"@type":"PropertyValueSpecification","valueRequired":true,"valueName":"search_term_string"}}],"inLanguage":"en-US"},{"@type":["Person","Organization"],"@id":"https:\/\/albermoya.com\/#\/schema\/person\/9ff661a570c78114c2b0e236c968b579","name":"Alber","image":{"@type":"ImageObject","inLanguage":"en-US","@id":"https:\/\/albermoya.com\/wp-content\/uploads\/2021\/06\/logo_alber_moya-02.png","url":"https:\/\/albermoya.com\/wp-content\/uploads\/2021\/06\/logo_alber_moya-02.png","contentUrl":"https:\/\/albermoya.com\/wp-content\/uploads\/2021\/06\/logo_alber_moya-02.png","width":568,"height":254,"caption":"Alber"},"logo":{"@id":"https:\/\/albermoya.com\/wp-content\/uploads\/2021\/06\/logo_alber_moya-02.png"},"sameAs":["https:\/\/albermoya.com\/","https:\/\/www.facebook.com\/albermoyavalley\/","https:\/\/www.instagram.com\/albermoyarealtor\/","https:\/\/www.linkedin.com\/in\/albermoya","https:\/\/www.youtube.com\/channel\/UCmJjMB11OCAiJ3c8phJLgoQ"]}]}},"_links":{"self":[{"href":"https:\/\/albermoya.com\/en\/wp-json\/wp\/v2\/pages\/5583","targetHints":{"allow":["GET"]}}],"collection":[{"href":"https:\/\/albermoya.com\/en\/wp-json\/wp\/v2\/pages"}],"about":[{"href":"https:\/\/albermoya.com\/en\/wp-json\/wp\/v2\/types\/page"}],"author":[{"embeddable":true,"href":"https:\/\/albermoya.com\/en\/wp-json\/wp\/v2\/users\/219"}],"replies":[{"embeddable":true,"href":"https:\/\/albermoya.com\/en\/wp-json\/wp\/v2\/comments?post=5583"}],"version-history":[{"count":29,"href":"https:\/\/albermoya.com\/en\/wp-json\/wp\/v2\/pages\/5583\/revisions"}],"predecessor-version":[{"id":9879,"href":"https:\/\/albermoya.com\/en\/wp-json\/wp\/v2\/pages\/5583\/revisions\/9879"}],"wp:featuredmedia":[{"embeddable":true,"href":"https:\/\/albermoya.com\/en\/wp-json\/wp\/v2\/media\/9198"}],"wp:attachment":[{"href":"https:\/\/albermoya.com\/en\/wp-json\/wp\/v2\/media?parent=5583"}],"curies":[{"name":"wp","href":"https:\/\/api.w.org\/{rel}","templated":true}]}}